{"id":24,"date":"2019-10-15T15:00:58","date_gmt":"2019-10-15T13:00:58","guid":{"rendered":"http:\/\/marie-eve-gremmens.be\/?page_id=24"},"modified":"2022-10-06T10:24:54","modified_gmt":"2022-10-06T08:24:54","slug":"sexologie","status":"publish","type":"page","link":"https:\/\/marie-eve-gremmens.be\/index.php\/sexologie\/","title":{"rendered":"Sexoth\u00e9rapie"},"content":{"rendered":"<p>[et_pb_section fb_built=\u00a0\u00bb1&Prime; next_background_color=\u00a0\u00bb#f2f6fc\u00a0\u00bb _builder_version=\u00a0\u00bb4.16&Prime; use_background_color_gradient=\u00a0\u00bbon\u00a0\u00bb background_color_gradient_stops=\u00a0\u00bbrgba(127,141,255,0.5) 0%|#7f8dff 100%\u00a0\u00bb background_color_gradient_overlays_image=\u00a0\u00bbon\u00a0\u00bb background_color_gradient_start=\u00a0\u00bbrgba(127,141,255,0.5)\u00a0\u00bb background_color_gradient_end=\u00a0\u00bb#7f8dff\u00a0\u00bb background_image=\u00a0\u00bbhttp:\/\/marie-eve-gremmens.be\/wp-content\/uploads\/2021\/09\/image-couple-dans-un-lit.jpg\u00a0\u00bb custom_margin=\u00a0\u00bb||||false\u00a0\u00bb custom_padding=\u00a0\u00bb16vw||4vw||false\u00a0\u00bb bottom_divider_style=\u00a0\u00bbcurve\u00a0\u00bb bottom_divider_height=\u00a0\u00bb2.5vw\u00a0\u00bb global_colors_info=\u00a0\u00bb{}\u00a0\u00bb][et_pb_row _builder_version=\u00a0\u00bb4.16&Prime; animation_style=\u00a0\u00bbfade\u00a0\u00bb global_colors_info=\u00a0\u00bb{}\u00a0\u00bb][et_pb_column type=\u00a0\u00bb4_4&Prime; _builder_version=\u00a0\u00bb4.16&Prime; custom_padding=\u00a0\u00bb|||\u00a0\u00bb global_colors_info=\u00a0\u00bb{}\u00a0\u00bb custom_padding__hover=\u00a0\u00bb|||\u00a0\u00bb][et_pb_text _builder_version=\u00a0\u00bb4.16&Prime; text_font=\u00a0\u00bb||||||||\u00a0\u00bb text_font_size=\u00a0\u00bb18px\u00a0\u00bb text_line_height=\u00a0\u00bb2em\u00a0\u00bb header_font=\u00a0\u00bbMontserrat|300|||||||\u00a0\u00bb header_font_size=\u00a0\u00bb50px\u00a0\u00bb header_line_height=\u00a0\u00bb1.4em\u00a0\u00bb text_orientation=\u00a0\u00bbcenter\u00a0\u00bb background_layout=\u00a0\u00bbdark\u00a0\u00bb max_width=\u00a0\u00bb700px\u00a0\u00bb module_alignment=\u00a0\u00bbcenter\u00a0\u00bb header_font_size_tablet=\u00a0\u00bb40px\u00a0\u00bb header_font_size_phone=\u00a0\u00bb32px\u00a0\u00bb header_font_size_last_edited=\u00a0\u00bbon|desktop\u00a0\u00bb global_colors_info=\u00a0\u00bb{}\u00a0\u00bb]<\/p>\n<h1>Sexoth\u00e9rapie<\/h1>\n<p>[\/et_pb_text][\/et_pb_column][\/et_pb_row][\/et_pb_section][et_pb_section fb_built=\u00a0\u00bb1&Prime; custom_padding_last_edited=\u00a0\u00bboff|desktop\u00a0\u00bb admin_label=\u00a0\u00bbAbout\u00a0\u00bb _builder_version=\u00a0\u00bb4.16&Prime; background_color=\u00a0\u00bb#f2f6fc\u00a0\u00bb use_background_color_gradient=\u00a0\u00bbon\u00a0\u00bb background_color_gradient_type=\u00a0\u00bbcircular\u00a0\u00bb background_color_gradient_stops=\u00a0\u00bbrgba(255,255,255,0) 67%|#ffffff 100%\u00a0\u00bb background_color_gradient_start=\u00a0\u00bbrgba(255,255,255,0)\u00a0\u00bb background_color_gradient_start_position=\u00a0\u00bb67%\u00a0\u00bb background_color_gradient_end=\u00a0\u00bb#ffffff\u00a0\u00bb background_image=\u00a0\u00bbhttp:\/\/marie-eve-gremmens.be\/wp-content\/uploads\/2019\/10\/therapist-06d.png\u00a0\u00bb parallax=\u00a0\u00bbon\u00a0\u00bb custom_padding=\u00a0\u00bb100px|0px|100px|0px|true|false\u00a0\u00bb custom_padding_tablet=\u00a0\u00bb40px||40px||true\u00a0\u00bb global_colors_info=\u00a0\u00bb{}\u00a0\u00bb][et_pb_row _builder_version=\u00a0\u00bb4.16&Prime; _module_preset=\u00a0\u00bbdefault\u00a0\u00bb global_colors_info=\u00a0\u00bb{}\u00a0\u00bb][et_pb_column type=\u00a0\u00bb4_4&Prime; _builder_version=\u00a0\u00bb4.16&Prime; _module_preset=\u00a0\u00bbdefault\u00a0\u00bb global_colors_info=\u00a0\u00bb{}\u00a0\u00bb][et_pb_testimonial author=\u00a0\u00bbFran\u00e7ois de Caruffel\u00a0\u00bb _builder_version=\u00a0\u00bb4.16&Prime; _module_preset=\u00a0\u00bbdefault\u00a0\u00bb global_colors_info=\u00a0\u00bb{}\u00a0\u00bb]<\/p>\n<h3>\u00ab\u00a0La sexualit\u00e9 est parfaitement naturelle mais pas naturellement parfaite\u00a0\u00bb<\/h3>\n<p>[\/et_pb_testimonial][\/et_pb_column][\/et_pb_row][et_pb_row column_structure=\u00a0\u00bb1_2,1_2&Prime; _builder_version=\u00a0\u00bb4.16&Prime; global_colors_info=\u00a0\u00bb{}\u00a0\u00bb][et_pb_column type=\u00a0\u00bb1_2&Prime; _builder_version=\u00a0\u00bb4.16&Prime; custom_padding=\u00a0\u00bb|||\u00a0\u00bb global_colors_info=\u00a0\u00bb{}\u00a0\u00bb custom_padding__hover=\u00a0\u00bb|||\u00a0\u00bb][et_pb_text _builder_version=\u00a0\u00bb4.16&Prime; text_font=\u00a0\u00bb||||||||\u00a0\u00bb text_font_size=\u00a0\u00bb16px\u00a0\u00bb text_line_height=\u00a0\u00bb2em\u00a0\u00bb header_font=\u00a0\u00bb||||||||\u00a0\u00bb header_2_font=\u00a0\u00bb||||||||\u00a0\u00bb header_3_font=\u00a0\u00bbMontserrat||||||||\u00a0\u00bb header_3_line_height=\u00a0\u00bb1.4em\u00a0\u00bb header_5_font=\u00a0\u00bb||||||||\u00a0\u00bb header_5_text_color=\u00a0\u00bb#7f8dff\u00a0\u00bb header_5_line_height=\u00a0\u00bb2em\u00a0\u00bb max_width=\u00a0\u00bb700px\u00a0\u00bb header_2_font_size_phone=\u00a0\u00bb30px\u00a0\u00bb header_2_font_size_last_edited=\u00a0\u00bboff|desktop\u00a0\u00bb locked=\u00a0\u00bboff\u00a0\u00bb global_colors_info=\u00a0\u00bb{}\u00a0\u00bb]<\/p>\n<h3>A propos de la Sexoth\u00e9rapie :<\/h3>\n<div class=\"ydpdded9195yiv7332868945ydp9814b2f4yiv4821716687ydpbf9021a2yiv6431364969yahoo-style-wrap\" dir=\"ltr\" data-setdir=\"false\">Notre sexualit\u00e9 est probablement ce que nous avons de plus intime. Elle a une place importante dans nos vies et est omnipr\u00e9sente dans la soci\u00e9t\u00e9, v\u00e9hiculant diff\u00e9rentes normes, valeurs, croyances, mod\u00e8les&#8230;<\/div>\n<div class=\"ydpdded9195yiv7332868945ydp9814b2f4yiv4821716687ydpbf9021a2yiv6431364969yahoo-style-wrap\" dir=\"ltr\" data-setdir=\"false\">En fonction de la p\u00e9riode, de son \u00e2ge, de ce que l&rsquo;on vit, que l&rsquo;on soit c\u00e9libataire ou en couple, chacun de nous a relation avec sa sexualit\u00e9; une sexualit\u00e9 qui \u00e9volue et peut malheureusement parfois se fragiliser. Cela peut nous impacter en tant que personne (confiance, estime, \u2026) mais \u00e9galement en tant que couple et susciter des questionnements par rapport \u00e0 ses attentes, \u00e0 ses aspirations, entre-autre..<\/div>\n<p>[\/et_pb_text][\/et_pb_column][et_pb_column type=\u00a0\u00bb1_2&Prime; _builder_version=\u00a0\u00bb4.16&Prime; custom_padding=\u00a0\u00bb|||\u00a0\u00bb global_colors_info=\u00a0\u00bb{}\u00a0\u00bb custom_padding__hover=\u00a0\u00bb|||\u00a0\u00bb][et_pb_text _builder_version=\u00a0\u00bb4.16&Prime; text_font=\u00a0\u00bb||||||||\u00a0\u00bb text_font_size=\u00a0\u00bb16px\u00a0\u00bb text_line_height=\u00a0\u00bb2em\u00a0\u00bb header_font=\u00a0\u00bb||||||||\u00a0\u00bb header_2_font=\u00a0\u00bbMontserrat|300|||||||\u00a0\u00bb header_2_font_size=\u00a0\u00bb40px\u00a0\u00bb header_2_line_height=\u00a0\u00bb1.4em\u00a0\u00bb header_5_font=\u00a0\u00bb||||||||\u00a0\u00bb header_5_text_color=\u00a0\u00bb#7f8dff\u00a0\u00bb header_5_line_height=\u00a0\u00bb2em\u00a0\u00bb max_width=\u00a0\u00bb700px\u00a0\u00bb module_alignment=\u00a0\u00bbcenter\u00a0\u00bb header_2_font_size_tablet=\u00a0\u00bb\u00a0\u00bb header_2_font_size_phone=\u00a0\u00bb30px\u00a0\u00bb header_2_font_size_last_edited=\u00a0\u00bbon|phone\u00a0\u00bb locked=\u00a0\u00bboff\u00a0\u00bb global_colors_info=\u00a0\u00bb{}\u00a0\u00bb]<\/p>\n<p>Sur 100 personnes qui ont une difficult\u00e9 sexuelle, les statistiques montrent que seules 10 consultent.<\/p>\n<p>90 personnes restent ainsi dans leurs questionnements, leur souffrance, et n&rsquo;en parlent pas.\u00a0<\/p>\n<p>Les questions qui demeurent sans r\u00e9ponse, sans mots, renforcent des maux, des difficult\u00e9s de communication, des souffrances. le Dysfonctionnement sexuel peut alors se r\u00e9v\u00e9ler, s&rsquo;installer, s&rsquo;aggraver, ou prendre de l&rsquo;ampleur.<\/p>\n<p><strong>Une non prise en charge th\u00e9rapeutique peut parfois \u00e9galement avoir des cons\u00e9quences sur la vie conjugale, sur l&rsquo;estime de soi, sur la confiance en soi &#8230;<\/strong><\/p>\n<p>La sexualit\u00e9 est impermanente et se modifie perp\u00e9tuellement tout au long de la vie. A tout \u00e2ge, elle \u00e9volue au gr\u00e9 des \u00e9v\u00e8nements individuel ou de couple : l&rsquo;\u00e2ge, la connaissance de soi et de son corps, un changement de partenaire, un d\u00e9sir d&rsquo;enfant, une grossesse, une maladie, un changement de travail &#8230;<\/p>\n<p><strong>Certes, prendre le t\u00e9l\u00e9phone, ou envoyer un mail est difficile&#8230;<\/strong>\u00a0Les personnes qui viennent au cabinet ont beaucoup d&rsquo;inhibitions, de g\u00eanes, et peinent \u00e0 s&rsquo;exprimer.\u00a0<\/p>\n<p>Mais de mani\u00e8re \u00e9tonnante, une fois le pas franchi, elles sont plus \u00e0 l&rsquo;aise pour aborder l&rsquo;intimit\u00e9. Elles se rendent compte que parler avec un professionnel qui \u00e9coute sans jugement, en toute confidentialit\u00e9, lib\u00e8re et apaise et\u00a0qu&rsquo;il y a des b\u00e9n\u00e9fices \u00e0 la consultation.<\/p>\n<p><strong>La sexoth\u00e9rapie est un pas vers une sexualit\u00e9 \u00e9panouie.<\/strong><\/p>\n<div><strong>Prendre un RDV est une mani\u00e8re de prendre soin de soi et d&rsquo;\u00e9couter ses besoins.\u00a0<\/strong>Consulter permet de prendre du recul sur sa situation, d&rsquo;envisager la difficult\u00e9 sous un autre angle, de trouver des solutions uniques, adapt\u00e9es et ajust\u00e9es.<\/div>\n<p>[\/et_pb_text][et_pb_text _builder_version=\u00a0\u00bb4.16&Prime; text_font_size=\u00a0\u00bb16px\u00a0\u00bb global_colors_info=\u00a0\u00bb{}\u00a0\u00bb]<\/p>\n<div dir=\"ltr\">Que vous soyez seul(e) ou en couple, si vous \u00e9prouvez des difficult\u00e9s\u00a0 sexuelles dont vous n&rsquo;osez pas parler, je peux vous aider \u00e0 vous exprimer sur des sujets qui vous troublent. Il peut s&rsquo;agir:<\/div>\n<div dir=\"ltr\">\u00a0 \u00a0 &#8211; de manque de d\u00e9sir, d&rsquo;envie, de plaisir et\/ou de sensation<\/div>\n<div dir=\"ltr\">\u00a0 \u00a0 &#8211; de frustration, de sentiment de honte, de manque<\/div>\n<div dir=\"ltr\">\u00a0 \u00a0 &#8211; de (re)trouver une satisfaction\/harmonie sexuelle<\/div>\n<div dir=\"ltr\">\u00a0 \u00a0 &#8211; de douleurs lors de la p\u00e9n\u00e9tration<\/div>\n<div dir=\"ltr\">\u00a0 \u00a0 &#8211; de probl\u00e8mes d&rsquo;\u00e9rection ou d&rsquo;\u00e9jaculation<\/div>\n<div dir=\"ltr\">\u00a0 \u00a0 &#8211; des informations par rapport \u00e0 la contraception, aux IST<\/div>\n<div dir=\"ltr\" data-setdir=\"false\">\u00a0 \u00a0 &#8211; \u00eatre \u00e0 nouveau amants apr\u00e8s une ou plusieurs naissances.<\/div>\n<p>[\/et_pb_text][\/et_pb_column][\/et_pb_row][et_pb_row _builder_version=\u00a0\u00bb4.16&Prime; _module_preset=\u00a0\u00bbdefault\u00a0\u00bb global_colors_info=\u00a0\u00bb{}\u00a0\u00bb][et_pb_column type=\u00a0\u00bb4_4&Prime; _builder_version=\u00a0\u00bb4.16&Prime; _module_preset=\u00a0\u00bbdefault\u00a0\u00bb global_colors_info=\u00a0\u00bb{}\u00a0\u00bb][et_pb_gallery gallery_ids=\u00a0\u00bb569,575,574,573,572,571,570&Prime; gallery_orderby=\u00a0\u00bbrand\u00a0\u00bb fullwidth=\u00a0\u00bbon\u00a0\u00bb _builder_version=\u00a0\u00bb4.17.4&Prime; _module_preset=\u00a0\u00bbdefault\u00a0\u00bb animation_style=\u00a0\u00bbfade\u00a0\u00bb auto=\u00a0\u00bbon\u00a0\u00bb auto_speed=\u00a0\u00bb3000&Prime; hover_enabled=\u00a0\u00bb0&Prime; global_colors_info=\u00a0\u00bb{}\u00a0\u00bb width=\u00a0\u00bb50%\u00a0\u00bb max_width=\u00a0\u00bb50%\u00a0\u00bb sticky_enabled=\u00a0\u00bb0&Prime;][\/et_pb_gallery][\/et_pb_column][\/et_pb_row][\/et_pb_section]<\/p>\n","protected":false},"excerpt":{"rendered":"<p>Sexoth\u00e9rapie\u00a0\u00bbLa sexualit\u00e9 est parfaitement naturelle mais pas naturellement parfaite\u00a0\u00bbA propos de la Sexoth\u00e9rapie : Notre sexualit\u00e9 est probablement ce que nous avons de plus intime. Elle a une place importante dans nos vies et est omnipr\u00e9sente dans la soci\u00e9t\u00e9, v\u00e9hiculant diff\u00e9rentes normes, valeurs, croyances, mod\u00e8les&#8230; En fonction de la p\u00e9riode, de son \u00e2ge, de ce [&hellip;]<\/p>\n","protected":false},"author":2,"featured_media":0,"parent":0,"menu_order":0,"comment_status":"closed","ping_status":"closed","template":"","meta":{"_et_pb_use_builder":"on","_et_pb_old_content":"","_et_gb_content_width":"","footnotes":""},"class_list":["post-24","page","type-page","status-publish","hentry"],"_links":{"self":[{"href":"https:\/\/marie-eve-gremmens.be\/index.php\/wp-json\/wp\/v2\/pages\/24","targetHints":{"allow":["GET"]}}],"collection":[{"href":"https:\/\/marie-eve-gremmens.be\/index.php\/wp-json\/wp\/v2\/pages"}],"about":[{"href":"https:\/\/marie-eve-gremmens.be\/index.php\/wp-json\/wp\/v2\/types\/page"}],"author":[{"embeddable":true,"href":"https:\/\/marie-eve-gremmens.be\/index.php\/wp-json\/wp\/v2\/users\/2"}],"replies":[{"embeddable":true,"href":"https:\/\/marie-eve-gremmens.be\/index.php\/wp-json\/wp\/v2\/comments?post=24"}],"version-history":[{"count":25,"href":"https:\/\/marie-eve-gremmens.be\/index.php\/wp-json\/wp\/v2\/pages\/24\/revisions"}],"predecessor-version":[{"id":746,"href":"https:\/\/marie-eve-gremmens.be\/index.php\/wp-json\/wp\/v2\/pages\/24\/revisions\/746"}],"wp:attachment":[{"href":"https:\/\/marie-eve-gremmens.be\/index.php\/wp-json\/wp\/v2\/media?parent=24"}],"curies":[{"name":"wp","href":"https:\/\/api.w.org\/{rel}","templated":true}]}}