{"id":247,"date":"2020-05-19T22:55:51","date_gmt":"2020-05-19T20:55:51","guid":{"rendered":"http:\/\/marie-eve-gremmens.be\/?page_id=247"},"modified":"2020-05-19T22:55:54","modified_gmt":"2020-05-19T20:55:54","slug":"biobliographie-sexo","status":"publish","type":"page","link":"https:\/\/marie-eve-gremmens.be\/index.php\/biobliographie-sexo\/","title":{"rendered":"Biobliographie sexo"},"content":{"rendered":"<p>[et_pb_section fb_built=\u00a0\u00bb1&Prime; custom_padding_last_edited=\u00a0\u00bbon|tablet\u00a0\u00bb next_background_color=\u00a0\u00bb#ffffff\u00a0\u00bb admin_label=\u00a0\u00bbHero\u00a0\u00bb _builder_version=\u00a0\u00bb3.22&Prime; use_background_color_gradient=\u00a0\u00bbon\u00a0\u00bb background_color_gradient_start=\u00a0\u00bbrgba(214,218,255,0.7)\u00a0\u00bb background_color_gradient_end=\u00a0\u00bbrgba(214,218,255,0.3)\u00a0\u00bb background_color_gradient_type=\u00a0\u00bbradial\u00a0\u00bb background_color_gradient_direction_radial=\u00a0\u00bbtop left\u00a0\u00bb background_color_gradient_start_position=\u00a0\u00bb50%\u00a0\u00bb background_color_gradient_overlays_image=\u00a0\u00bbon\u00a0\u00bb background_image=\u00a0\u00bbhttp:\/\/marie-eve-gremmens.be\/wp-content\/uploads\/2019\/10\/therapist-10.png\u00a0\u00bb parallax=\u00a0\u00bbon\u00a0\u00bb custom_margin=\u00a0\u00bb||||false\u00a0\u00bb custom_padding=\u00a0\u00bb14vw||4vw||false|false\u00a0\u00bb custom_padding_tablet=\u00a0\u00bb||50px|\u00a0\u00bb bottom_divider_style=\u00a0\u00bbcurve\u00a0\u00bb bottom_divider_height=\u00a0\u00bb2.5vw\u00a0\u00bb fb_built=\u00a0\u00bb1&Prime; _i=\u00a0\u00bb0&Prime; _address=\u00a0\u00bb0&Prime;][et_pb_row _builder_version=\u00a0\u00bb3.25&Prime; animation_style=\u00a0\u00bbfade\u00a0\u00bb _i=\u00a0\u00bb0&Prime; _address=\u00a0\u00bb0.0&Prime;][et_pb_column type=\u00a0\u00bb4_4&Prime; _builder_version=\u00a0\u00bb3.25&Prime; custom_padding=\u00a0\u00bb|||\u00a0\u00bb _i=\u00a0\u00bb0&Prime; _address=\u00a0\u00bb0.0.0&Prime; custom_padding__hover=\u00a0\u00bb|||\u00a0\u00bb][et_pb_text _builder_version=\u00a0\u00bb3.27.2&Prime; text_font=\u00a0\u00bb||||||||\u00a0\u00bb text_font_size=\u00a0\u00bb18px\u00a0\u00bb text_line_height=\u00a0\u00bb2em\u00a0\u00bb header_font=\u00a0\u00bbMontserrat|300|||||||\u00a0\u00bb header_font_size=\u00a0\u00bb50px\u00a0\u00bb header_line_height=\u00a0\u00bb1.4em\u00a0\u00bb text_orientation=\u00a0\u00bbcenter\u00a0\u00bb max_width=\u00a0\u00bb700px\u00a0\u00bb module_alignment=\u00a0\u00bbcenter\u00a0\u00bb hover_enabled=\u00a0\u00bb0&Prime; header_font_size_tablet=\u00a0\u00bb40px\u00a0\u00bb header_font_size_phone=\u00a0\u00bb32px\u00a0\u00bb header_font_size_last_edited=\u00a0\u00bbon|desktop\u00a0\u00bb _i=\u00a0\u00bb0&Prime; _address=\u00a0\u00bb0.0.0.0&Prime;]<\/p>\n<h1>Ma bibliographie sexo<\/h1>\n<p class=\"Standard\">Vous trouverez ici\u00a0 des livres int\u00e9ressants pour soi, pour ses enfants, pour son partenaire&#8230;<\/p>\n<p>[\/et_pb_text][\/et_pb_column][\/et_pb_row][\/et_pb_section][et_pb_section fb_built=\u00a0\u00bb1&Prime; _builder_version=\u00a0\u00bb3.27.2&Prime;][et_pb_row _builder_version=\u00a0\u00bb3.27.2&Prime; column_structure=\u00a0\u00bb1_3,1_3,1_3&Prime;][et_pb_column _builder_version=\u00a0\u00bb3.27.2&Prime; type=\u00a0\u00bb1_3&Prime;][et_pb_blurb _builder_version=\u00a0\u00bb3.27.2&Prime; title=\u00a0\u00bbI. Filliozat, M. Fried-Filliozat,  Sexp\u00e9rience Les r\u00e9ponses aux questions des ados,  Robert Laffont, 2019&Prime; image=\u00a0\u00bbhttp:\/\/marie-eve-gremmens.be\/wp-content\/uploads\/2020\/05\/Sans-titre.png\u00a0\u00bb hover_enabled=\u00a0\u00bb0&Prime;][\/et_pb_blurb][\/et_pb_column][et_pb_column _builder_version=\u00a0\u00bb3.27.2&Prime; type=\u00a0\u00bb1_3&Prime;][et_pb_blurb _builder_version=\u00a0\u00bb3.27.2&Prime; title=\u00a0\u00bbLe Centre d\u2019Action La\u00efque et le Conseil des Femmes Cffb, Elephantine veut tout savoir sur sa z\u00e9zette, \u00e9dition Les Nez \u00e0 Nez,\u00a0\u00bb image=\u00a0\u00bbhttp:\/\/marie-eve-gremmens.be\/wp-content\/uploads\/2020\/05\/Sans-titre2.png\u00a0\u00bb hover_enabled=\u00a0\u00bb0&Prime;][\/et_pb_blurb][\/et_pb_column][et_pb_column _builder_version=\u00a0\u00bb3.27.2&Prime; type=\u00a0\u00bb1_3&Prime;][et_pb_blurb _builder_version=\u00a0\u00bb3.27.2&Prime; title=\u00a0\u00bbLe centre d\u2019Action La\u00efque et le Conseil des Femmes Cffb, Le Renardo veut tout savoir sur son zizi, \u00e9dition Les Nez \u00e0 Nez,\u00a0\u00bb image=\u00a0\u00bbhttp:\/\/marie-eve-gremmens.be\/wp-content\/uploads\/2020\/05\/Sans-titre3.png\u00a0\u00bb hover_enabled=\u00a0\u00bb0&Prime;][\/et_pb_blurb][\/et_pb_column][\/et_pb_row][et_pb_row _builder_version=\u00a0\u00bb3.27.2&Prime; column_structure=\u00a0\u00bb1_3,1_3,1_3&Prime;][et_pb_column _builder_version=\u00a0\u00bb3.27.2&Prime; type=\u00a0\u00bb1_3&Prime;][et_pb_blurb _builder_version=\u00a0\u00bb3.27.2&Prime; title=\u00a0\u00bbSteinkis, P\u00e9nis de table. Sept mecs racontent tout sur leur vie sexuelle, Reli\u00e9, 2018&Prime; image=\u00a0\u00bbhttp:\/\/marie-eve-gremmens.be\/wp-content\/uploads\/2020\/05\/Sans-titre4.png\u00a0\u00bb hover_enabled=\u00a0\u00bb0&Prime;][\/et_pb_blurb][\/et_pb_column][et_pb_column _builder_version=\u00a0\u00bb3.27.2&Prime; type=\u00a0\u00bb1_3&Prime;][et_pb_blurb _builder_version=\u00a0\u00bb3.27.2&Prime; title=\u00a0\u00bbLili Sohn, Vagin Tonic, Casterman, 2018&Prime; image=\u00a0\u00bbhttp:\/\/marie-eve-gremmens.be\/wp-content\/uploads\/2020\/05\/Sans-titre5.png\u00a0\u00bb hover_enabled=\u00a0\u00bb0&Prime;][\/et_pb_blurb][\/et_pb_column][et_pb_column _builder_version=\u00a0\u00bb3.27.2&Prime; type=\u00a0\u00bb1_3&Prime;][et_pb_blurb _builder_version=\u00a0\u00bb3.27.2&Prime; title=\u00a0\u00bbNina Brochmann, Elles Stokken Dahl, Les joies d\u2019en bas, Tout sur le sexe f\u00e9minin, Actes sud, 2018&Prime; image=\u00a0\u00bbhttp:\/\/marie-eve-gremmens.be\/wp-content\/uploads\/2020\/05\/Sans-titre6.png\u00a0\u00bb hover_enabled=\u00a0\u00bb0&Prime;][\/et_pb_blurb][\/et_pb_column][\/et_pb_row][et_pb_row _builder_version=\u00a0\u00bb3.27.2&Prime; column_structure=\u00a0\u00bb1_3,1_3,1_3&Prime;][et_pb_column _builder_version=\u00a0\u00bb3.27.2&Prime; type=\u00a0\u00bb1_3&Prime;][et_pb_blurb _builder_version=\u00a0\u00bb3.27.2&Prime; title=\u00a0\u00bbP\u00e9n\u00e9lope Bagieu, Culott\u00e9es, Des femmes qui ne font pas ce qu\u2019elles veulent (tome 1 et 2), Gallimard BD, 2016&Prime; image=\u00a0\u00bbhttp:\/\/marie-eve-gremmens.be\/wp-content\/uploads\/2020\/05\/Sans-titre7.png\u00a0\u00bb hover_enabled=\u00a0\u00bb0&Prime;][\/et_pb_blurb][\/et_pb_column][et_pb_column _builder_version=\u00a0\u00bb3.27.2&Prime; type=\u00a0\u00bb1_3&Prime;][et_pb_blurb _builder_version=\u00a0\u00bb3.27.2&Prime; title=\u00a0\u00bbCaroline Michel, Patrick Papazian, Chouchoutez votre vagin, Larousse, 2019&Prime; image=\u00a0\u00bbhttp:\/\/marie-eve-gremmens.be\/wp-content\/uploads\/2020\/05\/Sans-titre8.png\u00a0\u00bb hover_enabled=\u00a0\u00bb0&Prime;][\/et_pb_blurb][\/et_pb_column][et_pb_column _builder_version=\u00a0\u00bb3.27.2&Prime; type=\u00a0\u00bb1_3&Prime;][et_pb_blurb _builder_version=\u00a0\u00bb3.27.2&Prime; title=\u00a0\u00bbAlexandra Hubin et Caroline Michel, entre mes l\u00e8vres mon clitoris, Eyrolles, 2018&Prime; image=\u00a0\u00bbhttp:\/\/marie-eve-gremmens.be\/wp-content\/uploads\/2020\/05\/Sans-titre9.png\u00a0\u00bb hover_enabled=\u00a0\u00bb0&Prime;][\/et_pb_blurb][\/et_pb_column][\/et_pb_row][et_pb_row _builder_version=\u00a0\u00bb3.27.2&Prime; column_structure=\u00a0\u00bb1_3,1_3,1_3&Prime;][et_pb_column _builder_version=\u00a0\u00bb3.27.2&Prime; type=\u00a0\u00bb1_3&Prime;][et_pb_blurb _builder_version=\u00a0\u00bb3.27.2&Prime; title=\u00a0\u00bbCaroline Michel, C\u2019est moi ou il fait chaud ? La m\u00e9nopause sans tabou, Leduc Pratique, 2019&Prime; image=\u00a0\u00bbhttp:\/\/marie-eve-gremmens.be\/wp-content\/uploads\/2020\/05\/Sans-titre10.png\u00a0\u00bb hover_enabled=\u00a0\u00bb0&Prime;][\/et_pb_blurb][\/et_pb_column][et_pb_column _builder_version=\u00a0\u00bb3.27.2&Prime; type=\u00a0\u00bb1_3&Prime;][et_pb_blurb _builder_version=\u00a0\u00bb3.27.2&Prime; title=\u00a0\u00bbPhilippe Brenot, Laetitia Coryn, Sex Story, Les premi\u00e8res histoires de la sexualit\u00e9 en BD,\u00a0\u00bb image=\u00a0\u00bbhttp:\/\/marie-eve-gremmens.be\/wp-content\/uploads\/2020\/05\/Sans-titre11.png\u00a0\u00bb hover_enabled=\u00a0\u00bb0&Prime;][\/et_pb_blurb][\/et_pb_column][et_pb_column _builder_version=\u00a0\u00bb3.27.2&Prime; type=\u00a0\u00bb1_3&Prime;][et_pb_blurb _builder_version=\u00a0\u00bb3.27.2&Prime; title=\u00a0\u00bbCaroline Michel, Sylvia Veysman, Petite encyclop\u00e9die des r\u00e8gles, First, 2018&Prime; image=\u00a0\u00bbhttp:\/\/marie-eve-gremmens.be\/wp-content\/uploads\/2020\/05\/Sans-titre12-1.png\u00a0\u00bb hover_enabled=\u00a0\u00bb0&Prime;][\/et_pb_blurb][\/et_pb_column][\/et_pb_row][et_pb_row _builder_version=\u00a0\u00bb3.27.2&Prime; column_structure=\u00a0\u00bb1_3,1_3,1_3&Prime;][et_pb_column _builder_version=\u00a0\u00bb3.27.2&Prime; type=\u00a0\u00bb1_3&Prime;][et_pb_blurb _builder_version=\u00a0\u00bb3.27.2&Prime; title=\u00a0\u00bbSamuel Comblez, Aurore Aimelet, La sexualit\u00e9 de vos ados, en parler, ce n\u2019est pas si compliqu\u00e9, 2018&Prime; image=\u00a0\u00bbhttp:\/\/marie-eve-gremmens.be\/wp-content\/uploads\/2020\/05\/Sans-titre13.png\u00a0\u00bb hover_enabled=\u00a0\u00bb0&Prime;][\/et_pb_blurb][\/et_pb_column][et_pb_column _builder_version=\u00a0\u00bb3.27.2&Prime; type=\u00a0\u00bb1_3&Prime;][et_pb_blurb _builder_version=\u00a0\u00bb3.27.2&Prime; title=\u00a0\u00bbAnne de Labouret, Christophe Brutstraen, Parlez du orno \u00e0 vos enfants avant qu\u2019Internet ne le fasse, Thierry Soucar, 2019&Prime; image=\u00a0\u00bbhttp:\/\/marie-eve-gremmens.be\/wp-content\/uploads\/2020\/05\/Sans-titre14.png\u00a0\u00bb hover_enabled=\u00a0\u00bb0&Prime;][\/et_pb_blurb][\/et_pb_column][et_pb_column _builder_version=\u00a0\u00bb3.27.2&Prime; type=\u00a0\u00bb1_3&Prime;][et_pb_blurb _builder_version=\u00a0\u00bb3.27.2&Prime; title=\u00a0\u00bbCamille Laurens, Zizi et z\u00e9zette ( Mes ptits pourquoi), Editions Milan, 2017&Prime; image=\u00a0\u00bbhttp:\/\/marie-eve-gremmens.be\/wp-content\/uploads\/2020\/05\/Sans-titre15.png\u00a0\u00bb hover_enabled=\u00a0\u00bb0&Prime;][\/et_pb_blurb][\/et_pb_column][\/et_pb_row][et_pb_row _builder_version=\u00a0\u00bb3.27.2&Prime; column_structure=\u00a0\u00bb1_3,1_3,1_3&Prime;][et_pb_column _builder_version=\u00a0\u00bb3.27.2&Prime; type=\u00a0\u00bb1_3&Prime;][et_pb_blurb _builder_version=\u00a0\u00bb3.27.2&Prime; title=\u00a0\u00bbJulie du Chemin, Pascal De Sutter,, Les douze lois universelles  du bonheur amoureux et sexuel, Robert Laffont, 2017&Prime; image=\u00a0\u00bbhttp:\/\/marie-eve-gremmens.be\/wp-content\/uploads\/2020\/05\/Sans-titre16.png\u00a0\u00bb hover_enabled=\u00a0\u00bb0&Prime;][\/et_pb_blurb][\/et_pb_column][et_pb_column _builder_version=\u00a0\u00bb3.27.2&Prime; type=\u00a0\u00bb1_3&Prime;][et_pb_blurb _builder_version=\u00a0\u00bb3.27.2&Prime; title=\u00a0\u00bbPascal De Sutter, Val\u00e9rie Doyen, D\u00e9sir, Roman sexo-informatif, Odile Jacob, 2014&Prime; image=\u00a0\u00bbhttp:\/\/marie-eve-gremmens.be\/wp-content\/uploads\/2020\/05\/Sans-titre17.png\u00a0\u00bb hover_enabled=\u00a0\u00bb0&Prime;][\/et_pb_blurb][\/et_pb_column][et_pb_column _builder_version=\u00a0\u00bb3.27.2&Prime; type=\u00a0\u00bb1_3&Prime;][et_pb_blurb _builder_version=\u00a0\u00bb3.27.2&Prime; title=\u00a0\u00bbPascal De Sutter, Val\u00e9rie Doyen, Erection : roman sexo-informatif, Odile Jacob, 2018&Prime; image=\u00a0\u00bbhttp:\/\/marie-eve-gremmens.be\/wp-content\/uploads\/2020\/05\/Sans-titre18.png\u00a0\u00bb hover_enabled=\u00a0\u00bb0&Prime;][\/et_pb_blurb][\/et_pb_column][\/et_pb_row][et_pb_row _builder_version=\u00a0\u00bb3.27.2&Prime; column_structure=\u00a0\u00bb1_3,1_3,1_3&Prime;][et_pb_column _builder_version=\u00a0\u00bb3.27.2&Prime; type=\u00a0\u00bb1_3&Prime;][et_pb_blurb _builder_version=\u00a0\u00bb3.27.2&Prime; title=\u00a0\u00bbCaroline, Michel, Alexandra Hubin,  Je sexopositive : Petit guide our voir la vie en rose gr\u00e2ce au sexe (girl power), Eyrolles, 2015&Prime; image=\u00a0\u00bbhttp:\/\/marie-eve-gremmens.be\/wp-content\/uploads\/2020\/05\/Sans-titre19.png\u00a0\u00bb hover_enabled=\u00a0\u00bb0&Prime;][\/et_pb_blurb][\/et_pb_column][et_pb_column _builder_version=\u00a0\u00bb3.27.2&Prime; type=\u00a0\u00bb1_3&Prime;][et_pb_blurb _builder_version=\u00a0\u00bb3.27.2&Prime; title=\u00a0\u00bbMaryse Dewarrat, Le d\u00e9sir apr\u00e8s un b\u00e9b\u00e9 : Devenir parents et rester amants, Eyrolles, 2017&Prime; image=\u00a0\u00bbhttp:\/\/marie-eve-gremmens.be\/wp-content\/uploads\/2020\/05\/Sans-titre20.png\u00a0\u00bb hover_enabled=\u00a0\u00bb0&Prime;][\/et_pb_blurb][\/et_pb_column][et_pb_column _builder_version=\u00a0\u00bb3.27.2&Prime; type=\u00a0\u00bb1_3&Prime;][et_pb_blurb _builder_version=\u00a0\u00bb3.27.2&Prime; title=\u00a0\u00bbIngrid Bayot, Le quatri\u00e8me trimestre de la grossesse, Eres, 2018&Prime; image=\u00a0\u00bbhttp:\/\/marie-eve-gremmens.be\/wp-content\/uploads\/2020\/05\/Sans-titre21.png\u00a0\u00bb hover_enabled=\u00a0\u00bb0&Prime;][\/et_pb_blurb][\/et_pb_column][\/et_pb_row][et_pb_row _builder_version=\u00a0\u00bb3.27.2&Prime; column_structure=\u00a0\u00bb1_3,1_3,1_3&Prime;][et_pb_column _builder_version=\u00a0\u00bb3.27.2&Prime; type=\u00a0\u00bb1_3&Prime;][et_pb_blurb _builder_version=\u00a0\u00bb3.27.2&Prime; title=\u00a0\u00bbMihele Larue, Osez le sexe tantrique, Poche, 2017&Prime; image=\u00a0\u00bbhttp:\/\/marie-eve-gremmens.be\/wp-content\/uploads\/2020\/05\/Sans-titre22.png\u00a0\u00bb hover_enabled=\u00a0\u00bb0&Prime;][\/et_pb_blurb][\/et_pb_column][et_pb_column _builder_version=\u00a0\u00bb3.27.2&Prime; type=\u00a0\u00bb1_3&Prime;][et_pb_blurb _builder_version=\u00a0\u00bb3.27.2&Prime; title=\u00a0\u00bbDiana Richardson, Anne Descombes, Jean-Fran\u00e7ois Descombes, Le slow sex. S\u2019aimer en pleine conscience, Marabout, 2017&Prime; image=\u00a0\u00bbhttp:\/\/marie-eve-gremmens.be\/wp-content\/uploads\/2020\/05\/Sans-titre23.png\u00a0\u00bb hover_enabled=\u00a0\u00bb0&Prime;][\/et_pb_blurb][\/et_pb_column][et_pb_column _builder_version=\u00a0\u00bb3.27.2&Prime; type=\u00a0\u00bb1_3&Prime;][et_pb_blurb _builder_version=\u00a0\u00bb3.27.2&Prime; hover_enabled=\u00a0\u00bb0&Prime; title=\u00a0\u00bbPeggy Tournigand, Les \u0153ufs de yoni pour r\u00e9v\u00e9ler son potentiel, Tr\u00e9daniel, 2018&Prime; image=\u00a0\u00bbhttp:\/\/marie-eve-gremmens.be\/wp-content\/uploads\/2020\/05\/Sans-titre24.png\u00a0\u00bb][\/et_pb_blurb][\/et_pb_column][\/et_pb_row][et_pb_row _builder_version=\u00a0\u00bb3.27.2&Prime; column_structure=\u00a0\u00bb1_3,1_3,1_3&Prime;][et_pb_column _builder_version=\u00a0\u00bb3.27.2&Prime; type=\u00a0\u00bb1_3&Prime;][et_pb_blurb _builder_version=\u00a0\u00bb3.27.2&Prime; title=\u00a0\u00bbBarry Long, Marie-Claire Audemars, VincentChopard, Faire l\u2019amour de mani\u00e8re divine, Poche, 2011&Prime; image=\u00a0\u00bbhttp:\/\/marie-eve-gremmens.be\/wp-content\/uploads\/2020\/05\/Sans-titre25.png\u00a0\u00bb hover_enabled=\u00a0\u00bb0&Prime;][\/et_pb_blurb][\/et_pb_column][et_pb_column _builder_version=\u00a0\u00bb3.27.2&Prime; type=\u00a0\u00bb1_3&Prime;][\/et_pb_column][et_pb_column _builder_version=\u00a0\u00bb3.27.2&Prime; type=\u00a0\u00bb1_3&Prime;][\/et_pb_column][\/et_pb_row][\/et_pb_section]<\/p>\n","protected":false},"excerpt":{"rendered":"<p>Ma bibliographie sexo Vous trouverez ici\u00a0 des livres int\u00e9ressants pour soi, pour ses enfants, pour son partenaire&#8230;<\/p>\n","protected":false},"author":2,"featured_media":0,"parent":0,"menu_order":0,"comment_status":"closed","ping_status":"closed","template":"","meta":{"_et_pb_use_builder":"on","_et_pb_old_content":"","_et_gb_content_width":"","footnotes":""},"class_list":["post-247","page","type-page","status-publish","hentry"],"_links":{"self":[{"href":"https:\/\/marie-eve-gremmens.be\/index.php\/wp-json\/wp\/v2\/pages\/247","targetHints":{"allow":["GET"]}}],"collection":[{"href":"https:\/\/marie-eve-gremmens.be\/index.php\/wp-json\/wp\/v2\/pages"}],"about":[{"href":"https:\/\/marie-eve-gremmens.be\/index.php\/wp-json\/wp\/v2\/types\/page"}],"author":[{"embeddable":true,"href":"https:\/\/marie-eve-gremmens.be\/index.php\/wp-json\/wp\/v2\/users\/2"}],"replies":[{"embeddable":true,"href":"https:\/\/marie-eve-gremmens.be\/index.php\/wp-json\/wp\/v2\/comments?post=247"}],"version-history":[{"count":5,"href":"https:\/\/marie-eve-gremmens.be\/index.php\/wp-json\/wp\/v2\/pages\/247\/revisions"}],"predecessor-version":[{"id":279,"href":"https:\/\/marie-eve-gremmens.be\/index.php\/wp-json\/wp\/v2\/pages\/247\/revisions\/279"}],"wp:attachment":[{"href":"https:\/\/marie-eve-gremmens.be\/index.php\/wp-json\/wp\/v2\/media?parent=247"}],"curies":[{"name":"wp","href":"https:\/\/api.w.org\/{rel}","templated":true}]}}