{"id":29,"date":"2019-10-15T15:02:52","date_gmt":"2019-10-15T13:02:52","guid":{"rendered":"http:\/\/marie-eve-gremmens.be\/?page_id=29"},"modified":"2020-12-15T19:02:39","modified_gmt":"2020-12-15T18:02:39","slug":"hypnose","status":"publish","type":"page","link":"https:\/\/marie-eve-gremmens.be\/index.php\/hypnose\/","title":{"rendered":"Hypnose"},"content":{"rendered":"<p>[et_pb_section fb_built=\u00a0\u00bb1&Prime; next_background_color=\u00a0\u00bb#ffffff\u00a0\u00bb _builder_version=\u00a0\u00bb3.27.2&Prime; use_background_color_gradient=\u00a0\u00bbon\u00a0\u00bb background_color_gradient_start=\u00a0\u00bbrgba(127,141,255,0.5)\u00a0\u00bb background_color_gradient_end=\u00a0\u00bb#7f8dff\u00a0\u00bb background_color_gradient_overlays_image=\u00a0\u00bbon\u00a0\u00bb background_image=\u00a0\u00bbhttp:\/\/marie-eve-gremmens.be\/wp-content\/uploads\/2020\/05\/iceberg.jpg\u00a0\u00bb background_size=\u00a0\u00bbinitial\u00a0\u00bb custom_margin=\u00a0\u00bb||||false\u00a0\u00bb custom_padding=\u00a0\u00bb16vw||4vw||false\u00a0\u00bb bottom_divider_style=\u00a0\u00bbcurve\u00a0\u00bb bottom_divider_height=\u00a0\u00bb2.5vw\u00a0\u00bb][et_pb_row _builder_version=\u00a0\u00bb3.25&Prime; animation_style=\u00a0\u00bbfade\u00a0\u00bb][et_pb_column type=\u00a0\u00bb4_4&Prime; _builder_version=\u00a0\u00bb3.25&Prime; custom_padding=\u00a0\u00bb|||\u00a0\u00bb custom_padding__hover=\u00a0\u00bb|||\u00a0\u00bb][et_pb_text _builder_version=\u00a0\u00bb3.27.4&Prime; text_font=\u00a0\u00bb||||||||\u00a0\u00bb text_font_size=\u00a0\u00bb18px\u00a0\u00bb text_line_height=\u00a0\u00bb2em\u00a0\u00bb header_font=\u00a0\u00bbMontserrat|300|||||||\u00a0\u00bb header_font_size=\u00a0\u00bb50px\u00a0\u00bb header_line_height=\u00a0\u00bb1.4em\u00a0\u00bb text_orientation=\u00a0\u00bbcenter\u00a0\u00bb background_layout=\u00a0\u00bbdark\u00a0\u00bb max_width=\u00a0\u00bb700px\u00a0\u00bb module_alignment=\u00a0\u00bbcenter\u00a0\u00bb header_font_size_tablet=\u00a0\u00bb40px\u00a0\u00bb header_font_size_phone=\u00a0\u00bb32px\u00a0\u00bb header_font_size_last_edited=\u00a0\u00bbon|desktop\u00a0\u00bb]<\/p>\n<h1>L&rsquo;Hypnose<\/h1>\n<p>[\/et_pb_text][\/et_pb_column][\/et_pb_row][\/et_pb_section][et_pb_section fb_built=\u00a0\u00bb1&Prime; _builder_version=\u00a0\u00bb3.27.2&Prime;][et_pb_row _builder_version=\u00a0\u00bb3.27.2&Prime;][et_pb_column type=\u00a0\u00bb4_4&Prime; _builder_version=\u00a0\u00bb3.27.2&Prime;][et_pb_text _builder_version=\u00a0\u00bb4.7.7&Prime; hover_enabled=\u00a0\u00bb0&Prime; sticky_enabled=\u00a0\u00bb0&Prime;]<\/p>\n<div class=\"et_pb_module et_pb_text et_pb_text_1 et_pb_bg_layout_light et_pb_text_align_left\">\n<div class=\"et_pb_text_inner\">\n<h3 style=\"text-align: left;\">A propos de l\u2019hypnose :<\/h3>\n<div class=\"ydp61df852fyahoo-style-wrap\" dir=\"ltr\" style=\"text-align: left;\" data-setdir=\"false\">L\u2019hypnose est un \u00e9tat de conscience modifi\u00e9, qu\u2019on appelle aussi transe hypnotique.<\/div>\n<div class=\"ydp61df852fyahoo-style-wrap\" dir=\"ltr\" style=\"text-align: left;\" data-setdir=\"false\">Plusieurs fois dans la journ\u00e9e, on est dans cet \u00e9tat, sans s\u2019en rendre compte, sans savoir qu\u2019il s\u2019agit d\u2019un \u00e9tat hypnotique. Par exemple, quand on regarde un film, au cin\u00e9ma ou bien chez soi, on peut \u00eatre tellement captiv\u00e9 par ce qu\u2019on regarde, on peut s\u2019identifier compl\u00e8tement aux personnages et \u00eatre totalement plong\u00e9 dans l\u2019histoire, les d\u00e9cors, ..Nos sens sont amplifi\u00e9s, ressentant m\u00eame parfois les \u00e9motions des personnages. On vit l\u2019histoire comme si on y \u00e9tait! A la fois, dans l\u2019histoire et \u00e0 l\u2019endroit o\u00f9 on regarde le film. Le temps passe tr\u00e8s vite, sans qu\u2019on ne s\u2019en rende compte.<\/div>\n<p style=\"text-align: left;\">\u200bL\u2019hypnose peut aider efficacement et durablement tant chez les enfants que chez les adultes, dans de multiples domaines: la lib\u00e9ration du tabac, la gestion du stress, retrouver une silhouette, faire un deuil, (re)trouver l\u2019estime\/la confiance de soi, la s\u00e9r\u00e9nit\u00e9, atteindre ses objectifs, la gestion de la douleur, le trauma, les troubles sexuels, etc. En sexologie, je me suis sp\u00e9cialis\u00e9e dans la prise en charge des traumas li\u00e9s \u00e0 des abus sexuels, aux \u00e9jaculations pr\u00e9coces, l\u2019anorgasmie et le manque de d\u00e9sir chez l\u2019homme et la femme.<\/p>\n<\/div>\n<\/div>\n<p>[\/et_pb_text][et_pb_toggle title=\u00a0\u00bbQuestions fr\u00e9quentes\u00a0\u00bb open_toggle_background_color=\u00a0\u00bb#88c4dd\u00a0\u00bb closed_toggle_background_color=\u00a0\u00bb#88c4dd\u00a0\u00bb _builder_version=\u00a0\u00bb3.27.2&Prime;]<\/p>\n<p><strong><em>Qu&rsquo;est-ce que l&rsquo;hypnose ericksonienne ?<\/em><\/strong><\/p>\n<p>L&rsquo;hypnose ericksonienne, qui doit son nom \u00e0 son fondateur Milton Erickson, fait partie des th\u00e9rapies br\u00e8ves et se veut plut\u00f4t douce et indirecte. La plupart pense ne pas conna\u00eetre l&rsquo;hypnose. Et pourtant&#8230; Qui se s&rsquo;est jamais plong\u00e9 dans ses pens\u00e9es, en \u00e9coutant une musique, en regardant un point fixe ou un paysage ? Qui n&rsquo;a jamais \u00e9t\u00e9 captiv\u00e9 par un film ou une s\u00e9rie tv, si bien que vous ne faites plus tout \u00e0 fait attention \u00e0 ce qui vous entoure ? Ou encore absorb\u00e9 dans un roman, en perdant la notion du temps ?<\/p>\n<p>&nbsp;<\/p>\n<p>Utilis\u00e9e comme outil th\u00e9rapeutique, l&rsquo;hypnose permet de recr\u00e9er ces moments afin d&rsquo;avoir acc\u00e8s \u00e0 votre inconscient &#8211; r\u00e9servoir de ressources illimit\u00e9es et d&rsquo;apprentissages &#8211; et ainsi atteindre plus facilement vos objectifs<\/p>\n<p>&nbsp;<\/p>\n<p><strong><em>Combien de s\u00e9ances d&rsquo;hypnose sont n\u00e9cessaires ?<\/em><\/strong><\/p>\n<p>Il n&rsquo;est pas \u00e9vident de pouvoir d\u00e9terminer un nombre de s\u00e9ances requis sans connaitre plus amplement votre objectif ainsi que votre capacit\u00e9 d&rsquo;\u00e9volution apr\u00e8s l&rsquo;hypnose. \u00c0 titre indicatif, je re\u00e7ois mes patients entre 3 \u00e0 6 s\u00e9ances.<\/p>\n<p>Parfois moins, parce que vos inconscients fonctionnent et \u00e9voluent tous \u00e0 leur propre rythme. Parfois plus, mais plus souvent lorsque la personne d\u00e9cide de travailler sur un nouvel objectif.<\/p>\n<p>G\u00e9n\u00e9ralement, les s\u00e9ances sont espac\u00e9es de 2 semaines.<\/p>\n<p>&nbsp;<\/p>\n<p><strong><em>L&rsquo;hypnose est-elle dangereuse ?<\/em><\/strong><\/p>\n<p>Non ! L&rsquo;\u00e9tat d&rsquo;hypnose \u00e9tant un \u00e9tat totalement naturel pendant lequel vous restez conscient : dans un coin de votre t\u00eate, vous savez pertinemment que vous \u00eates en train de faire une s\u00e9ance d&rsquo;hypnose \u00e0 Ittre ou Ottignies, dans mon cabinet ; vous savez que je suis \u00e0 vos c\u00f4t\u00e9s et vous m&rsquo;entendez. \u00c0 la fin de la s\u00e9ance, vous revenez \u00e0 vous, simplement.<\/p>\n<p>&nbsp;<\/p>\n<p>De plus, il est impossible de vous faire faire quelque chose qui serait inutile (\u00ab\u00a0faire la poule\u00a0\u00bb comme lors d&rsquo;un spectacle d&rsquo;hypnose par exemple) ou contraire \u00e0 votre bon sens ou \u00e0 vos principes.<\/p>\n<p>&nbsp;<\/p>\n<p>Acc\u00e9der \u00e0 un \u00e9tat d&rsquo;hypnose se fait uniquement avec votre accord<\/p>\n<p>&nbsp;<\/p>\n<p><strong><em>Je ne sais pas quel type de th\u00e9rapie choisir.<\/em><\/strong><\/p>\n<p>Lors de la premi\u00e8re s\u00e9ance, nous pourrons, au gr\u00e9 de notre \u00e9change et de vos attentes, r\u00e9fl\u00e9chir et d\u00e9terminer ensemble la th\u00e9rapie la plus appropri\u00e9e pour vous.<\/p>\n<p>Je peux tout aussi bien vous recommander un coaching (ou l&rsquo;EFT) plut\u00f4t que l&rsquo;hypnose, et inversement, si \u00e7a me para\u00eet judicieux. Ou vous proposer d&rsquo;alterner les trois.<\/p>\n<p>Quoique l&rsquo;on d\u00e9cide, c&rsquo;est une d\u00e9cision \u00e0 deux : je ne vous impose jamais rien !<\/p>\n<p>[\/et_pb_toggle][et_pb_image src=\u00a0\u00bbhttp:\/\/marie-eve-gremmens.be\/wp-content\/uploads\/2020\/11\/92618191.jpg\u00a0\u00bb title_text=\u00a0\u00bb92618191&Prime; align=\u00a0\u00bbcenter\u00a0\u00bb _builder_version=\u00a0\u00bb4.7.7&Prime; _module_preset=\u00a0\u00bbdefault\u00a0\u00bb][\/et_pb_image][\/et_pb_column][\/et_pb_row][\/et_pb_section]<\/p>\n","protected":false},"excerpt":{"rendered":"<p>L&rsquo;Hypnose A propos de l\u2019hypnose : L\u2019hypnose est un \u00e9tat de conscience modifi\u00e9, qu\u2019on appelle aussi transe hypnotique. Plusieurs fois dans la journ\u00e9e, on est dans cet \u00e9tat, sans s\u2019en rendre compte, sans savoir qu\u2019il s\u2019agit d\u2019un \u00e9tat hypnotique. Par exemple, quand on regarde un film, au cin\u00e9ma ou bien chez soi, on peut \u00eatre [&hellip;]<\/p>\n","protected":false},"author":2,"featured_media":0,"parent":0,"menu_order":0,"comment_status":"closed","ping_status":"closed","template":"","meta":{"_et_pb_use_builder":"on","_et_pb_old_content":"","_et_gb_content_width":"","footnotes":""},"class_list":["post-29","page","type-page","status-publish","hentry"],"_links":{"self":[{"href":"https:\/\/marie-eve-gremmens.be\/index.php\/wp-json\/wp\/v2\/pages\/29","targetHints":{"allow":["GET"]}}],"collection":[{"href":"https:\/\/marie-eve-gremmens.be\/index.php\/wp-json\/wp\/v2\/pages"}],"about":[{"href":"https:\/\/marie-eve-gremmens.be\/index.php\/wp-json\/wp\/v2\/types\/page"}],"author":[{"embeddable":true,"href":"https:\/\/marie-eve-gremmens.be\/index.php\/wp-json\/wp\/v2\/users\/2"}],"replies":[{"embeddable":true,"href":"https:\/\/marie-eve-gremmens.be\/index.php\/wp-json\/wp\/v2\/comments?post=29"}],"version-history":[{"count":30,"href":"https:\/\/marie-eve-gremmens.be\/index.php\/wp-json\/wp\/v2\/pages\/29\/revisions"}],"predecessor-version":[{"id":505,"href":"https:\/\/marie-eve-gremmens.be\/index.php\/wp-json\/wp\/v2\/pages\/29\/revisions\/505"}],"wp:attachment":[{"href":"https:\/\/marie-eve-gremmens.be\/index.php\/wp-json\/wp\/v2\/media?parent=29"}],"curies":[{"name":"wp","href":"https:\/\/api.w.org\/{rel}","templated":true}]}}