{"id":37,"date":"2019-10-15T15:06:41","date_gmt":"2019-10-15T13:06:41","guid":{"rendered":"http:\/\/marie-eve-gremmens.be\/?page_id=37"},"modified":"2021-09-30T10:00:34","modified_gmt":"2021-09-30T08:00:34","slug":"coaching","status":"publish","type":"page","link":"https:\/\/marie-eve-gremmens.be\/index.php\/coaching\/","title":{"rendered":"Coaching"},"content":{"rendered":"<p>[et_pb_section fb_built=\u00a0\u00bb1&Prime; next_background_color=\u00a0\u00bb#f2f6fc\u00a0\u00bb _builder_version=\u00a0\u00bb3.27.2&Prime; use_background_color_gradient=\u00a0\u00bbon\u00a0\u00bb background_color_gradient_start=\u00a0\u00bbrgba(127,141,255,0.5)\u00a0\u00bb background_color_gradient_end=\u00a0\u00bb#7f8dff\u00a0\u00bb background_color_gradient_overlays_image=\u00a0\u00bbon\u00a0\u00bb background_image=\u00a0\u00bbhttp:\/\/marie-eve-gremmens.be\/wp-content\/uploads\/2020\/05\/image-coaching.jpg\u00a0\u00bb custom_margin=\u00a0\u00bb||||false\u00a0\u00bb custom_padding=\u00a0\u00bb16vw||4vw||false\u00a0\u00bb bottom_divider_style=\u00a0\u00bbcurve\u00a0\u00bb bottom_divider_height=\u00a0\u00bb2.5vw\u00a0\u00bb global_colors_info=\u00a0\u00bb{}\u00a0\u00bb][et_pb_row _builder_version=\u00a0\u00bb3.25&Prime; animation_style=\u00a0\u00bbfade\u00a0\u00bb global_colors_info=\u00a0\u00bb{}\u00a0\u00bb][et_pb_column type=\u00a0\u00bb4_4&Prime; _builder_version=\u00a0\u00bb3.25&Prime; custom_padding=\u00a0\u00bb|||\u00a0\u00bb global_colors_info=\u00a0\u00bb{}\u00a0\u00bb custom_padding__hover=\u00a0\u00bb|||\u00a0\u00bb][et_pb_text _builder_version=\u00a0\u00bb3.27.4&Prime; text_font=\u00a0\u00bb||||||||\u00a0\u00bb text_font_size=\u00a0\u00bb18px\u00a0\u00bb text_line_height=\u00a0\u00bb2em\u00a0\u00bb header_font=\u00a0\u00bbMontserrat|300|||||||\u00a0\u00bb header_font_size=\u00a0\u00bb50px\u00a0\u00bb header_line_height=\u00a0\u00bb1.4em\u00a0\u00bb text_orientation=\u00a0\u00bbcenter\u00a0\u00bb background_layout=\u00a0\u00bbdark\u00a0\u00bb max_width=\u00a0\u00bb700px\u00a0\u00bb module_alignment=\u00a0\u00bbcenter\u00a0\u00bb hover_enabled=\u00a0\u00bb0&Prime; header_font_size_tablet=\u00a0\u00bb40px\u00a0\u00bb header_font_size_phone=\u00a0\u00bb32px\u00a0\u00bb header_font_size_last_edited=\u00a0\u00bbon|desktop\u00a0\u00bb global_colors_info=\u00a0\u00bb{}\u00a0\u00bb sticky_enabled=\u00a0\u00bb0&Prime;]<\/p>\n<h1>Coaching<\/h1>\n<p>[\/et_pb_text][\/et_pb_column][\/et_pb_row][\/et_pb_section][et_pb_section fb_built=\u00a0\u00bb1&Prime; custom_padding_last_edited=\u00a0\u00bboff|desktop\u00a0\u00bb admin_label=\u00a0\u00bbAbout\u00a0\u00bb _builder_version=\u00a0\u00bb3.22&Prime; background_color=\u00a0\u00bb#f2f6fc\u00a0\u00bb use_background_color_gradient=\u00a0\u00bbon\u00a0\u00bb background_color_gradient_start=\u00a0\u00bbrgba(255,255,255,0)\u00a0\u00bb background_color_gradient_end=\u00a0\u00bb#ffffff\u00a0\u00bb background_color_gradient_type=\u00a0\u00bbradial\u00a0\u00bb background_color_gradient_start_position=\u00a0\u00bb67%\u00a0\u00bb background_color_gradient_overlays_image=\u00a0\u00bbon\u00a0\u00bb background_image=\u00a0\u00bbhttp:\/\/marie-eve-gremmens.be\/wp-content\/uploads\/2019\/10\/therapist-06d.png\u00a0\u00bb parallax=\u00a0\u00bbon\u00a0\u00bb custom_padding=\u00a0\u00bb100px|0px|100px|0px|true|false\u00a0\u00bb custom_padding_tablet=\u00a0\u00bb40px||40px||true\u00a0\u00bb global_colors_info=\u00a0\u00bb{}\u00a0\u00bb][et_pb_row _builder_version=\u00a0\u00bb3.27.2&Prime; global_colors_info=\u00a0\u00bb{}\u00a0\u00bb][et_pb_column type=\u00a0\u00bb4_4&Prime; _builder_version=\u00a0\u00bb3.27.2&Prime; global_colors_info=\u00a0\u00bb{}\u00a0\u00bb][et_pb_text _builder_version=\u00a0\u00bb4.10.7&Prime; hover_enabled=\u00a0\u00bb0&Prime; global_colors_info=\u00a0\u00bb{}\u00a0\u00bb sticky_enabled=\u00a0\u00bb0&Prime;]<\/p>\n<h2>Le Coaching Humaniste Global\u00a0: C\u2019est quoi\u00a0?<\/h2>\n<p>Le mot<b>\u00a0coaching<\/b>\u00a0vient du mot \u00ab\u00a0<i>cocher<\/i>\u00a0\u00bb\u00a0: il fait r\u00e9f\u00e9rence au coche, ou au carrosse, qui sert \u00e0 emmener une personne du point o\u00f9 elle se trouve \u00e0 un point o\u00f9 elle d\u00e9sire aller. Le coach est donc une personne qui accompagne une autre personne vers son objectif.<br \/>Parfois, cet objectif est clair, parfois il l\u2019est moins. Il arrive que nous sachions tr\u00e8s bien tout ce dont nous ne voulons plus, sans avoir d\u2019id\u00e9e pr\u00e9cise de ce que nous voulons vraiment. L\u00e0 aussi, le coach sert de guide\u00a0: il questionne, il accompagne.<br \/>Le mot <b>humaniste<\/b>\u00a0lui, fait r\u00e9f\u00e9rence \u00e0 la psychologie humaniste (Carl Rogers), qui met l\u2019accent sur l\u2019homme et ses valeurs. Dans la psychologie humaniste, on croit r\u00e9ellement en l\u2019\u00eatre humain et en sa capacit\u00e9 naturellement pr\u00e9sente de d\u00e9velopper son plein potentiel.<\/p>\n<div>Nous abordons chaque personne telle qu\u2019elle est, avec sa propre vision du monde, en tenant compte de toutes les sph\u00e8res auxquelles elle appartient (familiale, sociale, scolaire, professionnelle, etc. ).<\/div>\n<p>[\/et_pb_text][\/et_pb_column][\/et_pb_row][et_pb_row column_structure=\u00a0\u00bb1_2,1_2&Prime; _builder_version=\u00a0\u00bb3.25&Prime; global_colors_info=\u00a0\u00bb{}\u00a0\u00bb][et_pb_column type=\u00a0\u00bb1_2&Prime; _builder_version=\u00a0\u00bb3.25&Prime; custom_padding=\u00a0\u00bb|||\u00a0\u00bb global_colors_info=\u00a0\u00bb{}\u00a0\u00bb custom_padding__hover=\u00a0\u00bb|||\u00a0\u00bb][et_pb_text _builder_version=\u00a0\u00bb3.27.4&Prime; text_font=\u00a0\u00bb||||||||\u00a0\u00bb text_font_size=\u00a0\u00bb16px\u00a0\u00bb text_line_height=\u00a0\u00bb2em\u00a0\u00bb header_font=\u00a0\u00bb||||||||\u00a0\u00bb header_2_font=\u00a0\u00bb||||||||\u00a0\u00bb header_3_font=\u00a0\u00bbMontserrat||||||||\u00a0\u00bb header_3_line_height=\u00a0\u00bb1.4em\u00a0\u00bb header_5_font=\u00a0\u00bb||||||||\u00a0\u00bb header_5_text_color=\u00a0\u00bb#7f8dff\u00a0\u00bb header_5_line_height=\u00a0\u00bb2em\u00a0\u00bb max_width=\u00a0\u00bb700px\u00a0\u00bb header_2_font_size_phone=\u00a0\u00bb30px\u00a0\u00bb header_2_font_size_last_edited=\u00a0\u00bboff|desktop\u00a0\u00bb locked=\u00a0\u00bboff\u00a0\u00bb global_colors_info=\u00a0\u00bb{}\u00a0\u00bb]<\/p>\n<p>Le coaching a tout son sens dans ces probl\u00e9matiques que je peux prendre en charge en sexologie et\/ou en hypnose. En effet, il arrive r\u00e9guli\u00e8rement que les personnes souffrant (ou ayant souffert) de difficult\u00e9s d\u2019ordre sexuel vivent une baisse d\u2019estime d\u2019elles-m\u00eames et\/ou voient appara\u00eetre des troubles de l\u2019alimentation, des id\u00e9es noires. Evidemment, les prises en charge que je propose ne peuvent se substituer \u00e0 une prise en charge m\u00e9dicale lorsque cela s\u2019-av\u00e8re n\u00e9cessaire. Il s\u2019agit de travailler ensemble, dans la globalit\u00e9 de la personne, \u00e0 son rythme et de lui permettre un mieux \u00eatre;) L&rsquo;hypnose peut venir en support de diverses sources de mal-\u00eatre et\/ou de souffrance. Le coaching vient tr\u00e8s souvent en support de l\u2019hypnose et de la sexologie. Il peut \u00e9galement faire l\u2019objet d\u2019une prise en charge ind\u00e9pendante \u00e0 ces domaines notamment dans les probl\u00e9matiques telles qu\u2019un burn-out, une reconversion professionnelle, une prise de conscience particuli\u00e8re (fr\u00e9quente vers environ 40 ans) etc.. Lors d\u2019un coaching, la personne est accompagn\u00e9e dans son d\u00e9veloppement personnel et va \u00e0 la recherche, parfois \u00e0 la d\u00e9couverte d\u2019elle-m\u00eame. Le coaching humaniste global Propose un accompagnement personnalis\u00e9 dans lequel la personne est consid\u00e9r\u00e9e dans sa globalit\u00e9. Le travail consiste \u00e0 d\u00e9finir un inventaire complet de vos ressources afin de vous permettre une prise de conscience de tout ce dont vous \u00eates capable. Vous ne r\u00e9alisez pas toujours ce que les exp\u00e9riences et les \u00e9preuves du pass\u00e9 vous ont appris ni comment les utiliser. Le sentiment d\u2019\u00e9chec vient de l\u2019absence de conscience de vos ressources. En coaching Humaniste Global, nous les faisons sortir au grand jour et vous r\u00e9alisez que vous avez un savoir-faire et un savoir-\u00eatre avec la vie. La confiance en soi et le succ\u00e8s naissent de l\u2019utilisation quotidienne de vos ressources. Se poser des petits objectifs r\u00e9alistes permet de construire une attitude mentale positive.<\/p>\n<p>[\/et_pb_text][\/et_pb_column][et_pb_column type=\u00a0\u00bb1_2&Prime; _builder_version=\u00a0\u00bb3.25&Prime; custom_padding=\u00a0\u00bb|||\u00a0\u00bb global_colors_info=\u00a0\u00bb{}\u00a0\u00bb custom_padding__hover=\u00a0\u00bb|||\u00a0\u00bb][et_pb_text _builder_version=\u00a0\u00bb3.27.4&Prime; text_font=\u00a0\u00bb||||||||\u00a0\u00bb text_font_size=\u00a0\u00bb16px\u00a0\u00bb text_line_height=\u00a0\u00bb2em\u00a0\u00bb header_font=\u00a0\u00bb||||||||\u00a0\u00bb header_2_font=\u00a0\u00bbMontserrat|300|||||||\u00a0\u00bb header_2_font_size=\u00a0\u00bb40px\u00a0\u00bb header_2_line_height=\u00a0\u00bb1.4em\u00a0\u00bb header_5_font=\u00a0\u00bb||||||||\u00a0\u00bb header_5_text_color=\u00a0\u00bb#7f8dff\u00a0\u00bb header_5_line_height=\u00a0\u00bb2em\u00a0\u00bb max_width=\u00a0\u00bb700px\u00a0\u00bb module_alignment=\u00a0\u00bbcenter\u00a0\u00bb header_2_font_size_tablet=\u00a0\u00bb\u00a0\u00bb header_2_font_size_phone=\u00a0\u00bb30px\u00a0\u00bb header_2_font_size_last_edited=\u00a0\u00bbon|phone\u00a0\u00bb locked=\u00a0\u00bboff\u00a0\u00bb global_colors_info=\u00a0\u00bb{}\u00a0\u00bb]<\/p>\n<div dir=\"ltr\" data-setdir=\"false\">La prise en charge en coaching est faite sur mesure, en fonction des attentes de la personne, de ses ressources et de son parcours.\u00a0<\/div>\n<div dir=\"ltr\" data-setdir=\"false\">Il est fr\u00e9quent que j&rsquo;utilise des outils tels que la PNL, l&rsquo;EFT, l&rsquo;hypnose, l&rsquo;analyse transactionnelle, la coh\u00e9rence cardiaque, etc. afin de permettre \u00e0 la personne de se lib\u00e9rer de s\u00e9quelles traumatiques, de reprendre sa place, le pouvoir sur sa vie \u00e0 son rythme.\u00a0<\/div>\n<div dir=\"ltr\" data-setdir=\"false\">Il va de soi que les r\u00e9sultats d\u00e9pendent de l&rsquo;implication de la personne. Cependant, il peut arriver que travailler une probl\u00e9matique soit \u00e9prouvant pour une personne. Il s&rsquo;agit donc d&rsquo;avancer pas \u00e0 pas, \u00e9cologiquement pour la personne.<\/div>\n<p>\u200b<\/p>\n<p>[\/et_pb_text][et_pb_text admin_label=\u00a0\u00bbTexte\u00a0\u00bb _builder_version=\u00a0\u00bb3.27.4&Prime; text_font_size=\u00a0\u00bb16px\u00a0\u00bb global_colors_info=\u00a0\u00bb{}\u00a0\u00bb]<\/p>\n<p>Concr\u00e8tement, le coaching peut permettre :<\/p>\n<ul>\n<li>D&rsquo;accompagner, pr\u00e9venir un burn out<\/li>\n<li>Vous reconvertir<\/li>\n<li>Mettre en avant vos points forts<\/li>\n<li>Apprendre \u00e0 vous conna\u00eetre<\/li>\n<li>Vous fixer des objectifs<\/li>\n<\/ul>\n<p align=\"left\">[\/et_pb_text][\/et_pb_column][\/et_pb_row][et_pb_row _builder_version=\u00a0\u00bb3.25&Prime; custom_margin=\u00a0\u00bb60px|||\u00a0\u00bb locked=\u00a0\u00bboff\u00a0\u00bb global_colors_info=\u00a0\u00bb{}\u00a0\u00bb][et_pb_column type=\u00a0\u00bb4_4&Prime; _builder_version=\u00a0\u00bb3.25&Prime; custom_padding=\u00a0\u00bb|||\u00a0\u00bb global_colors_info=\u00a0\u00bb{}\u00a0\u00bb custom_padding__hover=\u00a0\u00bb|||\u00a0\u00bb][et_pb_cta title=\u00a0\u00bbEn savoir plus sur le Burn-out ?\u00a0\u00bb button_url=\u00a0\u00bbhttp:\/\/marie-eve-gremmens.be\/index.php\/burnout\/\u00a0\u00bb button_text=\u00a0\u00bbBurn-out\u00a0\u00bb _builder_version=\u00a0\u00bb3.27.2&Prime; global_colors_info=\u00a0\u00bb{}\u00a0\u00bb][\/et_pb_cta][\/et_pb_column][\/et_pb_row][\/et_pb_section]<\/p>\n","protected":false},"excerpt":{"rendered":"<p>CoachingLe Coaching Humaniste Global\u00a0: C\u2019est quoi\u00a0? Le mot\u00a0coaching\u00a0vient du mot \u00ab\u00a0cocher\u00a0\u00bb\u00a0: il fait r\u00e9f\u00e9rence au coche, ou au carrosse, qui sert \u00e0 emmener une personne du point o\u00f9 elle se trouve \u00e0 un point o\u00f9 elle d\u00e9sire aller. Le coach est donc une personne qui accompagne une autre personne vers son objectif.Parfois, cet objectif est [&hellip;]<\/p>\n","protected":false},"author":2,"featured_media":0,"parent":0,"menu_order":0,"comment_status":"closed","ping_status":"closed","template":"","meta":{"_et_pb_use_builder":"on","_et_pb_old_content":"","_et_gb_content_width":"","footnotes":""},"class_list":["post-37","page","type-page","status-publish","hentry"],"_links":{"self":[{"href":"https:\/\/marie-eve-gremmens.be\/index.php\/wp-json\/wp\/v2\/pages\/37","targetHints":{"allow":["GET"]}}],"collection":[{"href":"https:\/\/marie-eve-gremmens.be\/index.php\/wp-json\/wp\/v2\/pages"}],"about":[{"href":"https:\/\/marie-eve-gremmens.be\/index.php\/wp-json\/wp\/v2\/types\/page"}],"author":[{"embeddable":true,"href":"https:\/\/marie-eve-gremmens.be\/index.php\/wp-json\/wp\/v2\/users\/2"}],"replies":[{"embeddable":true,"href":"https:\/\/marie-eve-gremmens.be\/index.php\/wp-json\/wp\/v2\/comments?post=37"}],"version-history":[{"count":20,"href":"https:\/\/marie-eve-gremmens.be\/index.php\/wp-json\/wp\/v2\/pages\/37\/revisions"}],"predecessor-version":[{"id":591,"href":"https:\/\/marie-eve-gremmens.be\/index.php\/wp-json\/wp\/v2\/pages\/37\/revisions\/591"}],"wp:attachment":[{"href":"https:\/\/marie-eve-gremmens.be\/index.php\/wp-json\/wp\/v2\/media?parent=37"}],"curies":[{"name":"wp","href":"https:\/\/api.w.org\/{rel}","templated":true}]}}