{"id":450,"date":"2020-11-26T20:54:22","date_gmt":"2020-11-26T19:54:22","guid":{"rendered":"http:\/\/marie-eve-gremmens.be\/?page_id=450"},"modified":"2022-10-06T10:19:57","modified_gmt":"2022-10-06T08:19:57","slug":"tarifs","status":"publish","type":"page","link":"https:\/\/marie-eve-gremmens.be\/index.php\/tarifs\/","title":{"rendered":"Tarifs"},"content":{"rendered":"<p>[et_pb_section fb_built=\u00a0\u00bb1&Prime; custom_padding_last_edited=\u00a0\u00bbon|tablet\u00a0\u00bb next_background_color=\u00a0\u00bb#ffffff\u00a0\u00bb admin_label=\u00a0\u00bbHero\u00a0\u00bb _builder_version=\u00a0\u00bb4.16&Prime; use_background_color_gradient=\u00a0\u00bbon\u00a0\u00bb background_color_gradient_type=\u00a0\u00bbcircular\u00a0\u00bb background_color_gradient_direction_radial=\u00a0\u00bbtop left\u00a0\u00bb background_color_gradient_stops=\u00a0\u00bbrgba(214,218,255,0.7) 50%|rgba(214,218,255,0.3) 100%\u00a0\u00bb background_color_gradient_start=\u00a0\u00bbrgba(214,218,255,0.7)\u00a0\u00bb background_color_gradient_start_position=\u00a0\u00bb50%\u00a0\u00bb background_color_gradient_end=\u00a0\u00bbrgba(214,218,255,0.3)\u00a0\u00bb background_image=\u00a0\u00bbhttp:\/\/marie-eve-gremmens.be\/wp-content\/uploads\/2020\/11\/92618191.jpg\u00a0\u00bb parallax=\u00a0\u00bbon\u00a0\u00bb custom_margin=\u00a0\u00bb||||false\u00a0\u00bb custom_padding=\u00a0\u00bb14vw||4vw||false|false\u00a0\u00bb custom_padding_tablet=\u00a0\u00bb||50px|\u00a0\u00bb custom_padding_phone=\u00a0\u00bb\u00a0\u00bb bottom_divider_style=\u00a0\u00bbcurve\u00a0\u00bb bottom_divider_height=\u00a0\u00bb2.5vw\u00a0\u00bb global_colors_info=\u00a0\u00bb{}\u00a0\u00bb][et_pb_row _builder_version=\u00a0\u00bb4.16&Prime; animation_style=\u00a0\u00bbfade\u00a0\u00bb global_colors_info=\u00a0\u00bb{}\u00a0\u00bb][et_pb_column type=\u00a0\u00bb4_4&Prime; _builder_version=\u00a0\u00bb4.16&Prime; custom_padding=\u00a0\u00bb|||\u00a0\u00bb global_colors_info=\u00a0\u00bb{}\u00a0\u00bb custom_padding__hover=\u00a0\u00bb|||\u00a0\u00bb][et_pb_text _builder_version=\u00a0\u00bb4.17.4&Prime; text_font=\u00a0\u00bb||||||||\u00a0\u00bb text_font_size=\u00a0\u00bb18px\u00a0\u00bb text_line_height=\u00a0\u00bb2em\u00a0\u00bb header_font=\u00a0\u00bbMontserrat|300|||||||\u00a0\u00bb header_font_size=\u00a0\u00bb50px\u00a0\u00bb header_line_height=\u00a0\u00bb1.4em\u00a0\u00bb text_orientation=\u00a0\u00bbcenter\u00a0\u00bb max_width=\u00a0\u00bb700px\u00a0\u00bb module_alignment=\u00a0\u00bbcenter\u00a0\u00bb hover_enabled=\u00a0\u00bb0&Prime; header_font_size_tablet=\u00a0\u00bb40px\u00a0\u00bb header_font_size_phone=\u00a0\u00bb32px\u00a0\u00bb header_font_size_last_edited=\u00a0\u00bbon|desktop\u00a0\u00bb global_colors_info=\u00a0\u00bb{}\u00a0\u00bb text_text_color=\u00a0\u00bb#FFFFFF\u00a0\u00bb sticky_enabled=\u00a0\u00bb0&Prime; header_text_color=\u00a0\u00bb#FFFFFF\u00a0\u00bb]<\/p>\n<h1>Mes tarifs<\/h1>\n<p>[\/et_pb_text][\/et_pb_column][\/et_pb_row][\/et_pb_section][et_pb_section fb_built=\u00a0\u00bb1&Prime; _builder_version=\u00a0\u00bb4.16&Prime; _module_preset=\u00a0\u00bbdefault\u00a0\u00bb global_colors_info=\u00a0\u00bb{}\u00a0\u00bb][et_pb_row _builder_version=\u00a0\u00bb4.16&Prime; _module_preset=\u00a0\u00bbdefault\u00a0\u00bb global_colors_info=\u00a0\u00bb{}\u00a0\u00bb][et_pb_column type=\u00a0\u00bb4_4&Prime; _builder_version=\u00a0\u00bb4.16&Prime; _module_preset=\u00a0\u00bbdefault\u00a0\u00bb global_colors_info=\u00a0\u00bb{}\u00a0\u00bb][et_pb_text _builder_version=\u00a0\u00bb4.17.4&Prime; _module_preset=\u00a0\u00bbdefault\u00a0\u00bb hover_enabled=\u00a0\u00bb0&Prime; global_colors_info=\u00a0\u00bb{}\u00a0\u00bb sticky_enabled=\u00a0\u00bb0&Prime;]<\/p>\n<table style=\"height: 146px; width: 832.953125px;\" border=\"1\">\n<tbody>\n<tr style=\"height: 23px;\">\n<td style=\"width: 397px; height: 23px;\">Sexoth\u00e9rapie<\/td>\n<td style=\"width: 420.953125px; height: 23px;\">60\u20ac la s\u00e9ance seul et 100\u20ac en couple (45-60min)<\/td>\n<\/tr>\n<tr style=\"height: 23px;\">\n<td style=\"width: 397px; height: 23px;\">Hypnose<\/td>\n<td style=\"width: 420.953125px; height: 23px;\">60\u20ac la s\u00e9ance<\/td>\n<\/tr>\n<tr style=\"height: 23px;\">\n<td style=\"width: 397px; height: 23px;\">Coaching \/ accompagnement Burnout<\/td>\n<td style=\"width: 420.953125px; height: 23px;\">60\u20ac la s\u00e9ance<\/td>\n<\/tr>\n<tr style=\"height: 23px;\">\n<td style=\"width: 397px; height: 23px;\">Hypnose minceur (Anneau gastrique virtuel)<\/td>\n<td style=\"width: 420.953125px; height: 23px;\">60\u20ac la s\u00e9ance<\/td>\n<\/tr>\n<tr style=\"height: 22px;\">\n<td style=\"width: 397px; height: 22px;\">Hypnose tabac<\/td>\n<td style=\"width: 420.953125px; height: 22px;\">60\u20ac la s\u00e9ance<\/td>\n<\/tr>\n<tr>\n<td style=\"width: 397px;\">S\u00e9ance PDMY<\/td>\n<td style=\"width: 420.953125px;\">60\u20ac la s\u00e9ance<\/td>\n<\/tr>\n<\/tbody>\n<\/table>\n<p>[\/et_pb_text][et_pb_text _builder_version=\u00a0\u00bb4.17.4&Prime; _module_preset=\u00a0\u00bbdefault\u00a0\u00bb hover_enabled=\u00a0\u00bb0&Prime; sticky_enabled=\u00a0\u00bb0&Prime;]<\/p>\n<p style=\"text-align: center;\">Possibilit\u00e9 de payer par application bancaire (QR code)<\/p>\n<p style=\"text-align: center;\">Tout rendez-vous n&rsquo;ayant pas \u00e9t\u00e9 annul\u00e9 ou report\u00e9 sera d\u00fb.<\/p>\n<p>[\/et_pb_text][\/et_pb_column][\/et_pb_row][\/et_pb_section]<\/p>\n","protected":false},"excerpt":{"rendered":"<p>Mes tarifs Sexoth\u00e9rapie 60\u20ac la s\u00e9ance seul et 100\u20ac en couple (45-60min) Hypnose 60\u20ac la s\u00e9ance Coaching \/ accompagnement Burnout 60\u20ac la s\u00e9ance Hypnose minceur (Anneau gastrique virtuel) 60\u20ac la s\u00e9ance Hypnose tabac 60\u20ac la s\u00e9ance S\u00e9ance PDMY 60\u20ac la s\u00e9ance Possibilit\u00e9 de payer par application bancaire (QR code) Tout rendez-vous n&rsquo;ayant pas \u00e9t\u00e9 annul\u00e9 [&hellip;]<\/p>\n","protected":false},"author":2,"featured_media":0,"parent":0,"menu_order":0,"comment_status":"closed","ping_status":"closed","template":"","meta":{"_et_pb_use_builder":"on","_et_pb_old_content":"","_et_gb_content_width":"","footnotes":""},"class_list":["post-450","page","type-page","status-publish","hentry"],"_links":{"self":[{"href":"https:\/\/marie-eve-gremmens.be\/index.php\/wp-json\/wp\/v2\/pages\/450","targetHints":{"allow":["GET"]}}],"collection":[{"href":"https:\/\/marie-eve-gremmens.be\/index.php\/wp-json\/wp\/v2\/pages"}],"about":[{"href":"https:\/\/marie-eve-gremmens.be\/index.php\/wp-json\/wp\/v2\/types\/page"}],"author":[{"embeddable":true,"href":"https:\/\/marie-eve-gremmens.be\/index.php\/wp-json\/wp\/v2\/users\/2"}],"replies":[{"embeddable":true,"href":"https:\/\/marie-eve-gremmens.be\/index.php\/wp-json\/wp\/v2\/comments?post=450"}],"version-history":[{"count":18,"href":"https:\/\/marie-eve-gremmens.be\/index.php\/wp-json\/wp\/v2\/pages\/450\/revisions"}],"predecessor-version":[{"id":739,"href":"https:\/\/marie-eve-gremmens.be\/index.php\/wp-json\/wp\/v2\/pages\/450\/revisions\/739"}],"wp:attachment":[{"href":"https:\/\/marie-eve-gremmens.be\/index.php\/wp-json\/wp\/v2\/media?parent=450"}],"curies":[{"name":"wp","href":"https:\/\/api.w.org\/{rel}","templated":true}]}}