{"id":469,"date":"2020-11-26T21:05:24","date_gmt":"2020-11-26T20:05:24","guid":{"rendered":"http:\/\/marie-eve-gremmens.be\/?page_id=469"},"modified":"2020-11-26T21:05:26","modified_gmt":"2020-11-26T20:05:26","slug":"hypnose-et-tabac","status":"publish","type":"page","link":"https:\/\/marie-eve-gremmens.be\/index.php\/hypnose-et-tabac\/","title":{"rendered":"Hypnose et tabac"},"content":{"rendered":"<p>[et_pb_section fb_built=\u00a0\u00bb1&Prime; next_background_color=\u00a0\u00bb#ffffff\u00a0\u00bb _builder_version=\u00a0\u00bb4.7.4&Prime; use_background_color_gradient=\u00a0\u00bbon\u00a0\u00bb background_color_gradient_start=\u00a0\u00bbrgba(127,141,255,0.5)\u00a0\u00bb background_color_gradient_end=\u00a0\u00bb#7f8dff\u00a0\u00bb background_color_gradient_overlays_image=\u00a0\u00bbon\u00a0\u00bb background_enable_image=\u00a0\u00bboff\u00a0\u00bb background_size=\u00a0\u00bbinitial\u00a0\u00bb custom_margin=\u00a0\u00bb||||false\u00a0\u00bb custom_padding=\u00a0\u00bb16vw||4vw||false\u00a0\u00bb bottom_divider_style=\u00a0\u00bbcurve\u00a0\u00bb bottom_divider_height=\u00a0\u00bb2.5vw\u00a0\u00bb][et_pb_row _builder_version=\u00a0\u00bb3.25&Prime; animation_style=\u00a0\u00bbfade\u00a0\u00bb][et_pb_column type=\u00a0\u00bb4_4&Prime; _builder_version=\u00a0\u00bb3.25&Prime; custom_padding=\u00a0\u00bb|||\u00a0\u00bb custom_padding__hover=\u00a0\u00bb|||\u00a0\u00bb][et_pb_text _builder_version=\u00a0\u00bb4.7.4&Prime; text_font=\u00a0\u00bb||||||||\u00a0\u00bb text_font_size=\u00a0\u00bb18px\u00a0\u00bb text_line_height=\u00a0\u00bb2em\u00a0\u00bb header_font=\u00a0\u00bbMontserrat|300|||||||\u00a0\u00bb header_font_size=\u00a0\u00bb50px\u00a0\u00bb header_line_height=\u00a0\u00bb1.4em\u00a0\u00bb text_orientation=\u00a0\u00bbcenter\u00a0\u00bb background_layout=\u00a0\u00bbdark\u00a0\u00bb max_width=\u00a0\u00bb700px\u00a0\u00bb module_alignment=\u00a0\u00bbcenter\u00a0\u00bb hover_enabled=\u00a0\u00bb0&Prime; header_font_size_tablet=\u00a0\u00bb40px\u00a0\u00bb header_font_size_phone=\u00a0\u00bb32px\u00a0\u00bb header_font_size_last_edited=\u00a0\u00bbon|desktop\u00a0\u00bb sticky_enabled=\u00a0\u00bb0&Prime;]<\/p>\n<h1>Hypnose et tabac<\/h1>\n<p>[\/et_pb_text][\/et_pb_column][\/et_pb_row][\/et_pb_section][et_pb_section fb_built=\u00a0\u00bb1&Prime; _builder_version=\u00a0\u00bb3.27.2&Prime;][et_pb_row _builder_version=\u00a0\u00bb3.27.2&Prime;][et_pb_column type=\u00a0\u00bb4_4&Prime; _builder_version=\u00a0\u00bb3.27.2&Prime;][et_pb_text _builder_version=\u00a0\u00bb4.7.4&Prime; hover_enabled=\u00a0\u00bb0&Prime; sticky_enabled=\u00a0\u00bb0&Prime;]<\/p>\n<div class=\"et_pb_module et_pb_text et_pb_text_1 et_pb_bg_layout_light et_pb_text_align_left\">\n<div dir=\"ltr\" style=\"text-align: center;\">\n<div dir=\"ltr\" data-setdir=\"false\">Se lib\u00e9rer du tabac gr\u00e2ce \u00e0 l\u2019hypnose, c\u2019est possible\u00a0! Et de plus en plus de personnes utilisent cette m\u00e9thode pour mener \u00e0 bien leur sevrage. La m\u00e9thode utilis\u00e9e est un programme en 6 s\u00e9ances, o\u00f9 l\u2019on combine l\u2019hypnose \u00e0 des m\u00e9thodes comportementales.<\/div>\n<div dir=\"ltr\" data-setdir=\"false\">\u00a0<\/div>\n<div>\n<p dir=\"ltr\" data-setdir=\"false\">La d\u00e9pendance au tabac est une multi-d\u00e9pendance. Il s\u2019agit en effet d\u2019une d\u00e9pendance physiologique, mais aussi comportementale, psychologique (ou \u00e9motionnelle) et sociale!<\/p>\n<div>Il est important de bien tenir compte de tous ces aspects de la d\u00e9pendance afin de bien int\u00e9grer le changement d\u00e9sir\u00e9. En r\u00e9alit\u00e9, le sevrage est un apprentissage. La personne\u00a0 apprend \u00e0 \u00ab\u00a0d\u00e9sapprendre\u00a0\u00bb. Au cours des 6 s\u00e9ances, nous allons aborder ensemble les diff\u00e9rents aspects de ce que la cigarette repr\u00e9sente\u00a0: les \u00e9motions, les croyances, les changements qui r\u00e9sulteront du sevrage, et ce, au sein des diff\u00e9rentes sph\u00e8res de la vie (familiale, sociale etc.). Il existe aujourd\u2019hui une multitude de techniques en hypnose pour se lib\u00e9rer de la cigarette\u00a0: certaines se pratiquent en une seule s\u00e9ance, par exemple. Mais pour pouvoir aborder la d\u00e9pendance dans sa globalit\u00e9, il est n\u00e9cessaire de prendre le temps n\u00e9cessaire\u00a0 (la relation que la personne a avec la cigarette existe souvent depuis plusieurs ann\u00e9es et il ne s&rsquo;agit pas de \u00ab\u00a0banaliser\u00a0\u00bb cette relation\u00a0\u00bb) . De cette fa\u00e7on, il s\u2019agit d\u2019un accompagnement qui permet non seulement d\u2019arr\u00eater le tabac, mais surtout, de ne pas replonger\u00a0!<\/div>\n<p>&nbsp;<\/p>\n<p>Les + du sevrage tabagique par l\u2019hypnose:<br \/>\u2013 programme \u00e9tal\u00e9 sur 3 semaines<br \/>\u2013 analyse globale et d\u00e9taill\u00e9e de vos habitudes et de vos motivations<br \/>\u2013 prise en charge de l\u2019aspect \u00e9motionnel<br \/>\u2013 sevrage progressif et total en 6 s\u00e9ances pour plus d\u2019efficacit\u00e9 sur le long terme<em>\u00a0<\/em><\/p>\n<\/div>\n<\/div>\n<\/div>\n<p>[\/et_pb_text][et_pb_image src=\u00a0\u00bbhttp:\/\/marie-eve-gremmens.be\/wp-content\/uploads\/2020\/11\/OIP-2.jpg\u00a0\u00bb title_text=\u00a0\u00bbOIP (2)\u00a0\u00bb align=\u00a0\u00bbcenter\u00a0\u00bb _builder_version=\u00a0\u00bb4.7.4&Prime; _module_preset=\u00a0\u00bbdefault\u00a0\u00bb hover_enabled=\u00a0\u00bb0&Prime; sticky_enabled=\u00a0\u00bb0&Prime;][\/et_pb_image][\/et_pb_column][\/et_pb_row][\/et_pb_section]<\/p>\n","protected":false},"excerpt":{"rendered":"<p>Hypnose et tabac Se lib\u00e9rer du tabac gr\u00e2ce \u00e0 l\u2019hypnose, c\u2019est possible\u00a0! Et de plus en plus de personnes utilisent cette m\u00e9thode pour mener \u00e0 bien leur sevrage. La m\u00e9thode utilis\u00e9e est un programme en 6 s\u00e9ances, o\u00f9 l\u2019on combine l\u2019hypnose \u00e0 des m\u00e9thodes comportementales. \u00a0 La d\u00e9pendance au tabac est une multi-d\u00e9pendance. Il s\u2019agit [&hellip;]<\/p>\n","protected":false},"author":2,"featured_media":0,"parent":0,"menu_order":0,"comment_status":"closed","ping_status":"closed","template":"","meta":{"_et_pb_use_builder":"on","_et_pb_old_content":"","_et_gb_content_width":"","footnotes":""},"class_list":["post-469","page","type-page","status-publish","hentry"],"_links":{"self":[{"href":"https:\/\/marie-eve-gremmens.be\/index.php\/wp-json\/wp\/v2\/pages\/469","targetHints":{"allow":["GET"]}}],"collection":[{"href":"https:\/\/marie-eve-gremmens.be\/index.php\/wp-json\/wp\/v2\/pages"}],"about":[{"href":"https:\/\/marie-eve-gremmens.be\/index.php\/wp-json\/wp\/v2\/types\/page"}],"author":[{"embeddable":true,"href":"https:\/\/marie-eve-gremmens.be\/index.php\/wp-json\/wp\/v2\/users\/2"}],"replies":[{"embeddable":true,"href":"https:\/\/marie-eve-gremmens.be\/index.php\/wp-json\/wp\/v2\/comments?post=469"}],"version-history":[{"count":3,"href":"https:\/\/marie-eve-gremmens.be\/index.php\/wp-json\/wp\/v2\/pages\/469\/revisions"}],"predecessor-version":[{"id":473,"href":"https:\/\/marie-eve-gremmens.be\/index.php\/wp-json\/wp\/v2\/pages\/469\/revisions\/473"}],"wp:attachment":[{"href":"https:\/\/marie-eve-gremmens.be\/index.php\/wp-json\/wp\/v2\/media?parent=469"}],"curies":[{"name":"wp","href":"https:\/\/api.w.org\/{rel}","templated":true}]}}