{"id":517,"date":"2021-06-26T20:50:30","date_gmt":"2021-06-26T18:50:30","guid":{"rendered":"http:\/\/marie-eve-gremmens.be\/?page_id=517"},"modified":"2022-10-06T10:14:49","modified_gmt":"2022-10-06T08:14:49","slug":"pdmy","status":"publish","type":"page","link":"https:\/\/marie-eve-gremmens.be\/index.php\/pdmy\/","title":{"rendered":"PDMY"},"content":{"rendered":"<p>[et_pb_section fb_built=\u00a0\u00bb1&Prime; next_background_color=\u00a0\u00bb#f2f6fc\u00a0\u00bb _builder_version=\u00a0\u00bb4.16&Prime; use_background_color_gradient=\u00a0\u00bbon\u00a0\u00bb background_color_gradient_stops=\u00a0\u00bbrgba(127,141,255,0.5) 0%|#7f8dff 100%\u00a0\u00bb background_color_gradient_overlays_image=\u00a0\u00bbon\u00a0\u00bb background_color_gradient_start=\u00a0\u00bbrgba(127,141,255,0.5)\u00a0\u00bb background_color_gradient_end=\u00a0\u00bb#7f8dff\u00a0\u00bb background_image=\u00a0\u00bbhttp:\/\/marie-eve-gremmens.be\/wp-content\/uploads\/2020\/11\/92618191.jpg\u00a0\u00bb custom_margin=\u00a0\u00bb||||false\u00a0\u00bb custom_padding=\u00a0\u00bb0vw||4vw||false|\u00a0\u00bb bottom_divider_style=\u00a0\u00bbcurve\u00a0\u00bb bottom_divider_height=\u00a0\u00bb2.5vw\u00a0\u00bb global_colors_info=\u00a0\u00bb{}\u00a0\u00bb][et_pb_row _builder_version=\u00a0\u00bb4.16&Prime; animation_style=\u00a0\u00bbfade\u00a0\u00bb global_colors_info=\u00a0\u00bb{}\u00a0\u00bb][et_pb_column type=\u00a0\u00bb4_4&Prime; _builder_version=\u00a0\u00bb4.16&Prime; custom_padding=\u00a0\u00bb|||\u00a0\u00bb global_colors_info=\u00a0\u00bb{}\u00a0\u00bb custom_padding__hover=\u00a0\u00bb|||\u00a0\u00bb][et_pb_text _builder_version=\u00a0\u00bb4.16&Prime; text_font=\u00a0\u00bb||||||||\u00a0\u00bb text_font_size=\u00a0\u00bb18px\u00a0\u00bb text_line_height=\u00a0\u00bb2em\u00a0\u00bb header_font=\u00a0\u00bbMontserrat|300|||||||\u00a0\u00bb header_font_size=\u00a0\u00bb50px\u00a0\u00bb header_line_height=\u00a0\u00bb1.4em\u00a0\u00bb text_orientation=\u00a0\u00bbcenter\u00a0\u00bb background_layout=\u00a0\u00bbdark\u00a0\u00bb max_width=\u00a0\u00bb700px\u00a0\u00bb module_alignment=\u00a0\u00bbcenter\u00a0\u00bb header_font_size_tablet=\u00a0\u00bb40px\u00a0\u00bb header_font_size_phone=\u00a0\u00bb32px\u00a0\u00bb header_font_size_last_edited=\u00a0\u00bbon|desktop\u00a0\u00bb global_colors_info=\u00a0\u00bb{}\u00a0\u00bb]<\/p>\n<h1 style=\"text-align: center;\">PDMY<\/h1>\n<h4 style=\"text-align: center;\"><strong>Processus de D\u00e9sensibilisation et de reprogrammation positive par le Mouvement des Yeux <\/strong><\/h4>\n<p>[\/et_pb_text][\/et_pb_column][\/et_pb_row][\/et_pb_section][et_pb_section fb_built=\u00a0\u00bb1&Prime; custom_padding_last_edited=\u00a0\u00bboff|desktop\u00a0\u00bb admin_label=\u00a0\u00bbAbout\u00a0\u00bb _builder_version=\u00a0\u00bb4.16&Prime; background_color=\u00a0\u00bb#f2f6fc\u00a0\u00bb use_background_color_gradient=\u00a0\u00bbon\u00a0\u00bb background_color_gradient_type=\u00a0\u00bbcircular\u00a0\u00bb background_color_gradient_stops=\u00a0\u00bbrgba(255,255,255,0) 67%|#ffffff 100%\u00a0\u00bb background_color_gradient_start=\u00a0\u00bbrgba(255,255,255,0)\u00a0\u00bb background_color_gradient_start_position=\u00a0\u00bb67%\u00a0\u00bb background_color_gradient_end=\u00a0\u00bb#ffffff\u00a0\u00bb background_image=\u00a0\u00bbhttp:\/\/marie-eve-gremmens.be\/wp-content\/uploads\/2019\/10\/therapist-06d.png\u00a0\u00bb parallax=\u00a0\u00bbon\u00a0\u00bb custom_padding=\u00a0\u00bb100px|0px|100px|0px|true|false\u00a0\u00bb custom_padding_tablet=\u00a0\u00bb40px||40px||true\u00a0\u00bb global_colors_info=\u00a0\u00bb{}\u00a0\u00bb][et_pb_row _builder_version=\u00a0\u00bb4.16&Prime; global_colors_info=\u00a0\u00bb{}\u00a0\u00bb][et_pb_column type=\u00a0\u00bb4_4&Prime; _builder_version=\u00a0\u00bb4.16&Prime; custom_padding=\u00a0\u00bb|||\u00a0\u00bb global_colors_info=\u00a0\u00bb{}\u00a0\u00bb custom_padding__hover=\u00a0\u00bb|||\u00a0\u00bb][et_pb_image _builder_version=\u00a0\u00bb4.17.4&Prime; _module_preset=\u00a0\u00bbdefault\u00a0\u00bb title_text=\u00a0\u00bbphoto oeil\u00a0\u00bb src=\u00a0\u00bbhttp:\/\/marie-eve-gremmens.be\/wp-content\/uploads\/2022\/10\/photo-oeil.webp\u00a0\u00bb width=\u00a0\u00bb50%\u00a0\u00bb max_width=\u00a0\u00bb50%\u00a0\u00bb hover_enabled=\u00a0\u00bb0&Prime; sticky_enabled=\u00a0\u00bb0&Prime; align=\u00a0\u00bbcenter\u00a0\u00bb][\/et_pb_image][et_pb_text _builder_version=\u00a0\u00bb4.17.4&Prime; text_font=\u00a0\u00bb||||||||\u00a0\u00bb text_font_size=\u00a0\u00bb16px\u00a0\u00bb text_line_height=\u00a0\u00bb2em\u00a0\u00bb header_font=\u00a0\u00bb||||||||\u00a0\u00bb header_2_font=\u00a0\u00bb||||||||\u00a0\u00bb header_3_font=\u00a0\u00bbMontserrat||||||||\u00a0\u00bb header_3_line_height=\u00a0\u00bb1.4em\u00a0\u00bb header_5_font=\u00a0\u00bb||||||||\u00a0\u00bb header_5_text_color=\u00a0\u00bb#7f8dff\u00a0\u00bb header_5_line_height=\u00a0\u00bb2em\u00a0\u00bb max_width=\u00a0\u00bb700px\u00a0\u00bb hover_enabled=\u00a0\u00bb0&Prime; header_2_font_size_phone=\u00a0\u00bb30px\u00a0\u00bb header_2_font_size_last_edited=\u00a0\u00bboff|desktop\u00a0\u00bb locked=\u00a0\u00bboff\u00a0\u00bb global_colors_info=\u00a0\u00bb{}\u00a0\u00bb text_orientation=\u00a0\u00bbcenter\u00a0\u00bb sticky_enabled=\u00a0\u00bb0&Prime;]<\/p>\n<p>Issu de l\u2019EMDR : Eye Movement Desensitization and Reprocessing- D\u00e9sensibilisation et Reprogrammation par Mouvement des Yeux.<\/p>\n<p>L\u2019EMDR est une m\u00e9thode de psychoth\u00e9rapie qui a \u00e9t\u00e9 mise au point \u00e0 la fin des ann\u00e9es 1980 par Francine Shapiro, Docteur en psychologie aux Etats-Unis.<\/p>\n<div>\n<p>Lorsqu\u2019un\u00a0<strong>\u00e9v\u00e8nement douloureux n\u2019est pas assimil\u00e9<\/strong>\u00a0car il a \u00e9t\u00e9 trop brutal<br \/>physiquement ou psychologiquement,<strong>\u00a0le cerveau va \u00ab sauvegarder \u00bb<\/strong>\u00a0tout ce qui a \u00e9t\u00e9 li\u00e9 \u00e0 la sc\u00e8ne traumatique (images, sons, impressions). Par cons\u00e9quent, les sensations n\u00e9gatives vont \u00eatre ranim\u00e9es spontan\u00e9ment lorsque quelque chose va rappeler le trauma.<\/p>\n<\/div>\n<div>\n<p>Pour cela, le PDMY va permettre de\u00a0<strong>retraiter l\u2019information n\u00e9gative<\/strong>\u00a0gr\u00e2ce \u00e0<br \/>une stimulation sensorielle bilat\u00e9rale (ex: mouvements altern\u00e9s oculaires droite et gauche, tapotements\u2026)<br \/>Ce m\u00e9canisme de gu\u00e9rison est\u00a0<strong>une m\u00e9thode reconnue et efficace<\/strong>\u00a0en cas de traumatismes (accidents, viols, agressions etc\u2026), de phobies, de deuil mais aussi pour les sentiments de d\u00e9valorisations, de rejet\u2026 li\u00e9s \u00e0 un \u00e9v\u00e9nement pr\u00e9cis.<\/p>\n<\/div>\n<div>\n<p><u>Les r\u00e9sultats:<\/u><\/p>\n<\/div>\n<div>\n<p>Le PDMY permet d\u2019avoir\u00a0<strong>un certain recul<\/strong>\u00a0vis \u00e0 vis de l\u2019\u00e9v\u00e8nement traumatique, un nouveau regard sur la sc\u00e8ne en raison d\u2019un trauma qui a pu \u00eatre \u00ab dig\u00e9r\u00e9\u00bb.<\/p>\n<\/div>\n<p>[\/et_pb_text][\/et_pb_column][\/et_pb_row][\/et_pb_section]<\/p>\n","protected":false},"excerpt":{"rendered":"<p>PDMY Processus de D\u00e9sensibilisation et de reprogrammation positive par le Mouvement des Yeux Issu de l\u2019EMDR : Eye Movement Desensitization and Reprocessing- D\u00e9sensibilisation et Reprogrammation par Mouvement des Yeux. L\u2019EMDR est une m\u00e9thode de psychoth\u00e9rapie qui a \u00e9t\u00e9 mise au point \u00e0 la fin des ann\u00e9es 1980 par Francine Shapiro, Docteur en psychologie aux Etats-Unis. [&hellip;]<\/p>\n","protected":false},"author":2,"featured_media":0,"parent":0,"menu_order":0,"comment_status":"closed","ping_status":"closed","template":"","meta":{"_et_pb_use_builder":"on","_et_pb_old_content":"","_et_gb_content_width":"","footnotes":""},"class_list":["post-517","page","type-page","status-publish","hentry"],"_links":{"self":[{"href":"https:\/\/marie-eve-gremmens.be\/index.php\/wp-json\/wp\/v2\/pages\/517","targetHints":{"allow":["GET"]}}],"collection":[{"href":"https:\/\/marie-eve-gremmens.be\/index.php\/wp-json\/wp\/v2\/pages"}],"about":[{"href":"https:\/\/marie-eve-gremmens.be\/index.php\/wp-json\/wp\/v2\/types\/page"}],"author":[{"embeddable":true,"href":"https:\/\/marie-eve-gremmens.be\/index.php\/wp-json\/wp\/v2\/users\/2"}],"replies":[{"embeddable":true,"href":"https:\/\/marie-eve-gremmens.be\/index.php\/wp-json\/wp\/v2\/comments?post=517"}],"version-history":[{"count":14,"href":"https:\/\/marie-eve-gremmens.be\/index.php\/wp-json\/wp\/v2\/pages\/517\/revisions"}],"predecessor-version":[{"id":734,"href":"https:\/\/marie-eve-gremmens.be\/index.php\/wp-json\/wp\/v2\/pages\/517\/revisions\/734"}],"wp:attachment":[{"href":"https:\/\/marie-eve-gremmens.be\/index.php\/wp-json\/wp\/v2\/media?parent=517"}],"curies":[{"name":"wp","href":"https:\/\/api.w.org\/{rel}","templated":true}]}}