{"id":7,"date":"2019-10-15T14:59:57","date_gmt":"2019-10-15T12:59:57","guid":{"rendered":"http:\/\/marie-eve-gremmens.be\/?page_id=7"},"modified":"2025-01-16T10:38:02","modified_gmt":"2025-01-16T09:38:02","slug":"accueil","status":"publish","type":"page","link":"https:\/\/marie-eve-gremmens.be\/index.php\/accueil\/","title":{"rendered":"Accueil"},"content":{"rendered":"<p>[et_pb_section fb_built=\u00a0\u00bb1&Prime; next_background_color=\u00a0\u00bb#ffffff\u00a0\u00bb _builder_version=\u00a0\u00bb4.17.4&Prime; use_background_color_gradient=\u00a0\u00bbon\u00a0\u00bb background_color_gradient_type=\u00a0\u00bbcircular\u00a0\u00bb background_color_gradient_direction_radial=\u00a0\u00bbtop left\u00a0\u00bb background_color_gradient_stops=\u00a0\u00bbrgba(255,227,208,0.7) 50%|rgba(255,227,208,0.3) 100%\u00a0\u00bb background_color_gradient_overlays_image=\u00a0\u00bbon\u00a0\u00bb background_color_gradient_start=\u00a0\u00bbrgba(255,227,208,0.7)\u00a0\u00bb background_color_gradient_start_position=\u00a0\u00bb50%\u00a0\u00bb background_color_gradient_end=\u00a0\u00bbrgba(255,227,208,0.3)\u00a0\u00bb background_enable_image=\u00a0\u00bboff\u00a0\u00bb custom_margin=\u00a0\u00bb||||false\u00a0\u00bb custom_padding=\u00a0\u00bb14vw||4vw||false|false\u00a0\u00bb bottom_divider_style=\u00a0\u00bbcurve\u00a0\u00bb bottom_divider_height=\u00a0\u00bb2.5vw\u00a0\u00bb global_colors_info=\u00a0\u00bb{}\u00a0\u00bb][et_pb_row _builder_version=\u00a0\u00bb4.16&Prime; animation_style=\u00a0\u00bbfade\u00a0\u00bb global_colors_info=\u00a0\u00bb{}\u00a0\u00bb][et_pb_column type=\u00a0\u00bb4_4&Prime; _builder_version=\u00a0\u00bb4.16&Prime; custom_padding=\u00a0\u00bb|||\u00a0\u00bb global_colors_info=\u00a0\u00bb{}\u00a0\u00bb custom_padding__hover=\u00a0\u00bb|||\u00a0\u00bb][et_pb_text _builder_version=\u00a0\u00bb4.17.4&Prime; text_font=\u00a0\u00bb||||||||\u00a0\u00bb text_font_size=\u00a0\u00bb18px\u00a0\u00bb text_line_height=\u00a0\u00bb2em\u00a0\u00bb header_font=\u00a0\u00bbMontserrat|300|||||||\u00a0\u00bb header_font_size=\u00a0\u00bb50px\u00a0\u00bb header_line_height=\u00a0\u00bb1.4em\u00a0\u00bb text_orientation=\u00a0\u00bbcenter\u00a0\u00bb max_width=\u00a0\u00bb700px\u00a0\u00bb module_alignment=\u00a0\u00bbcenter\u00a0\u00bb header_font_size_tablet=\u00a0\u00bb40px\u00a0\u00bb header_font_size_phone=\u00a0\u00bb32px\u00a0\u00bb header_font_size_last_edited=\u00a0\u00bbon|desktop\u00a0\u00bb global_colors_info=\u00a0\u00bb{}\u00a0\u00bb]<\/p>\n<h1><span style=\"color: #3366ff;\">Bienvenue !<\/span><\/h1>\n<p>[\/et_pb_text][\/et_pb_column][\/et_pb_row][\/et_pb_section][et_pb_section fb_built=\u00a0\u00bb1&Prime; admin_label=\u00a0\u00bbAbout Me\u00a0\u00bb _builder_version=\u00a0\u00bb4.16&Prime; global_colors_info=\u00a0\u00bb{}\u00a0\u00bb][et_pb_row column_structure=\u00a0\u00bb1_4,3_4&Prime; use_custom_gutter=\u00a0\u00bbon\u00a0\u00bb padding_top_bottom_link_2=\u00a0\u00bbtrue\u00a0\u00bb padding_left_right_link_2=\u00a0\u00bbtrue\u00a0\u00bb _builder_version=\u00a0\u00bb4.16&Prime; max_width=\u00a0\u00bb80%\u00a0\u00bb custom_margin=\u00a0\u00bb|0px||\u00a0\u00bb custom_margin_tablet=\u00a0\u00bb|10%||10%||true\u00a0\u00bb custom_margin_phone=\u00a0\u00bb\u00a0\u00bb custom_margin_last_edited=\u00a0\u00bbon|tablet\u00a0\u00bb custom_padding=\u00a0\u00bb100px|0px|0|0px|false|false\u00a0\u00bb use_custom_width=\u00a0\u00bbon\u00a0\u00bb width_unit=\u00a0\u00bboff\u00a0\u00bb global_colors_info=\u00a0\u00bb{}\u00a0\u00bb][et_pb_column type=\u00a0\u00bb1_4&Prime; _builder_version=\u00a0\u00bb4.16&Prime; custom_padding=\u00a0\u00bb|||\u00a0\u00bb global_colors_info=\u00a0\u00bb{}\u00a0\u00bb custom_padding__hover=\u00a0\u00bb|||\u00a0\u00bb][et_pb_image src=\u00a0\u00bbhttp:\/\/marie-eve-gremmens.be\/wp-content\/uploads\/2022\/07\/291648973_451268136828035_7734305957087831115_n.jpg\u00a0\u00bb title_text=\u00a0\u00bb291648973_451268136828035_7734305957087831115_n\u00a0\u00bb align_tablet=\u00a0\u00bbcenter\u00a0\u00bb align_phone=\u00a0\u00bb\u00a0\u00bb align_last_edited=\u00a0\u00bbon|desktop\u00a0\u00bb _builder_version=\u00a0\u00bb4.17.4&Prime; custom_margin=\u00a0\u00bb-60px|-50%||\u00a0\u00bb custom_margin_tablet=\u00a0\u00bb|0%||\u00a0\u00bb custom_margin_phone=\u00a0\u00bb\u00a0\u00bb custom_margin_last_edited=\u00a0\u00bbon|tablet\u00a0\u00bb animation_style=\u00a0\u00bbslide\u00a0\u00bb animation_direction=\u00a0\u00bbright\u00a0\u00bb animation_intensity_slide=\u00a0\u00bb5%\u00a0\u00bb border_radii=\u00a0\u00bbon|100%|100%|100%|100%\u00a0\u00bb global_colors_info=\u00a0\u00bb{}\u00a0\u00bb][\/et_pb_image][\/et_pb_column][et_pb_column type=\u00a0\u00bb3_4&Prime; _builder_version=\u00a0\u00bb4.16&Prime; background_color=\u00a0\u00bb#f7f9fc\u00a0\u00bb custom_padding=\u00a0\u00bb40px|60px|40px|60px\u00a0\u00bb custom_padding_tablet=\u00a0\u00bb\u00a0\u00bb custom_padding_phone=\u00a0\u00bb|40px||40px||true\u00a0\u00bb custom_padding_last_edited=\u00a0\u00bbon|phone\u00a0\u00bb global_colors_info=\u00a0\u00bb{}\u00a0\u00bb padding_phone=\u00a0\u00bb|40px||40px||true\u00a0\u00bb padding_last_edited=\u00a0\u00bbon|phone\u00a0\u00bb custom_padding__hover=\u00a0\u00bb|||\u00a0\u00bb][et_pb_text _builder_version=\u00a0\u00bb4.27.4&Prime; text_font=\u00a0\u00bb||||||||\u00a0\u00bb text_font_size=\u00a0\u00bb16px\u00a0\u00bb text_line_height=\u00a0\u00bb2em\u00a0\u00bb header_font=\u00a0\u00bb||||||||\u00a0\u00bb header_2_font=\u00a0\u00bbMontserrat|300|||||||\u00a0\u00bb header_2_font_size=\u00a0\u00bb40px\u00a0\u00bb header_2_line_height=\u00a0\u00bb1.4em\u00a0\u00bb header_5_font=\u00a0\u00bb||||||||\u00a0\u00bb header_5_text_color=\u00a0\u00bb#7f8dff\u00a0\u00bb header_5_line_height=\u00a0\u00bb2em\u00a0\u00bb max_width=\u00a0\u00bb700px\u00a0\u00bb hover_enabled=\u00a0\u00bb0&Prime; header_2_font_size_tablet=\u00a0\u00bb\u00a0\u00bb header_2_font_size_phone=\u00a0\u00bb30px\u00a0\u00bb header_2_font_size_last_edited=\u00a0\u00bbon|phone\u00a0\u00bb locked=\u00a0\u00bboff\u00a0\u00bb global_colors_info=\u00a0\u00bb{}\u00a0\u00bb sticky_enabled=\u00a0\u00bb0&Prime;]<\/p>\n<p style=\"font-weight: 400;\">Je suis Marie-Eve Gremmens, <strong>Sexologue (membre de la SSUB), Hypnoth\u00e9rapeute et Coach<\/strong>, et aussi maman de trois merveilleux enfants qui enrichissent chaque jour ma vision de l\u2019humain. Depuis aussi loin que je me souvienne, j\u2019ai toujours ressenti un besoin profond d\u2019aider les autres, de les \u00e9couter et de les accompagner dans leurs parcours de vie.<\/p>\n<p style=\"font-weight: 400;\">Mes \u00e9tudes en sciences de la famille et de la sexualit\u00e9 ont \u00e9t\u00e9 une v\u00e9ritable r\u00e9v\u00e9lation. J\u2019y ai d\u00e9couvert ma passion pour l\u2019accompagnement des individus, des couples et des familles. La sexualit\u00e9, en lien avec le couple ou prise de mani\u00e8re ind\u00e9pendante, est un univers fascinant que j\u2019ai souhait\u00e9 explorer pour mieux comprendre ses dynamiques et en faire une source d\u2019\u00e9panouissement pour ceux que j\u2019accompagne.<\/p>\n<p style=\"font-weight: 400;\">Mais je ne me suis pas arr\u00eat\u00e9e l\u00e0. J\u2019ai poursuivi mon apprentissage, me formant \u00e0 des outils comme l\u2019<strong>hypnose th\u00e9rapeutique<\/strong>, l\u2019<strong>EMDR<\/strong>, la <strong>PNL<\/strong> (Programmation Neuro-Linguistique), et le <strong>coaching humaniste global<\/strong>. Ces approches m\u2019aident \u00e0 appr\u00e9hender chaque personne dans sa globalit\u00e9, en tenant compte de ses ressources, de son histoire et de son contexte unique.<\/p>\n<p style=\"font-weight: 400;\">Mon parcours s\u2019est ensuite enrichi de formations en <strong>m\u00e9diation de base et familiale<\/strong>, et en <strong>accompagnement de l\u2019hypersensibilit\u00e9<\/strong>. Ces sp\u00e9cialisations me permettent d\u2019accompagner les familles dans la gestion des conflits et les personnes hypersensibles dans leur chemin vers une meilleure compr\u00e9hension d\u2019eux-m\u00eames. L\u2019hypersensibilit\u00e9, en particulier, me touche profond\u00e9ment. Ces personnes que l\u2019on qualifie de \u00ab\u00a0hyper\u00a0\u00bb pr\u00e9sentent des particularit\u00e9s incroyables, mais parfois difficiles \u00e0 vivre. Les aider \u00e0 trouver un \u00e9quilibre, \u00e0 se regarder avec bienveillance et \u00e0 transformer leurs singularit\u00e9s en forces fait partie des missions qui me tiennent le plus \u00e0 c\u0153ur.<\/p>\n<p style=\"font-weight: 400;\">Au fil de mon exp\u00e9rience, j\u2019ai constat\u00e9 que des d\u00e9fis comme le <strong>burnout professionnel ou parental<\/strong> sont souvent li\u00e9s \u00e0 des tensions dans le couple ou au sein de la famille. C\u2019est pourquoi j\u2019int\u00e8gre des approches compl\u00e9mentaires dans mes suivis, m\u00ealant coaching, hypnose, sexologie et m\u00e9diation pour offrir un accompagnement sur-mesure et adapt\u00e9 \u00e0 chaque situation.<\/p>\n<p style=\"font-weight: 400;\">Ce que je souhaite avant tout, c\u2019est vous aider \u00e0 vous retrouver. Que vous soyez en qu\u00eate de s\u00e9r\u00e9nit\u00e9, en difficult\u00e9 dans votre couple, ou simplement \u00e0 la recherche d\u2019un espace pour vous recentrer, je suis l\u00e0 pour vous accompagner. Mon objectif est de vous guider vers plus de bienveillance envers vous-m\u00eame, d\u2019acceptation, et d\u2019harmonie dans votre quotidien.<\/p>\n<p style=\"font-weight: 400;\"><strong>Prendre soin de soi, c\u2019est un cadeau qu\u2019on s\u2019offre pour mieux vivre.<\/strong> Si vous ressentez le besoin d\u2019un accompagnement, n\u2019h\u00e9sitez pas \u00e0 me contacter. Ensemble, nous trouverons les solutions qui r\u00e9sonnent le mieux avec vos besoins et vos aspirations.<\/p>\n<p style=\"font-weight: 400;\">\n<p style=\"font-weight: 400;\">\n<p style=\"font-weight: 400;\">Mes formations:<\/p>\n<p style=\"font-weight: 400;\">Formation compl\u00e9mentaire en sexo-corporelle au Centre Th\u00e9rapeutique de Psychologie Sociale (2003-2004)<\/p>\n<p style=\"font-weight: 400;\">Certificat compl\u00e9mentaire en Sexologie Clinique \u00e0 l\u2019Universit\u00e9 Catholique de Louvain (2007)<\/p>\n<p style=\"font-weight: 400;\">Communication non Violente : EPE (2015)<\/p>\n<p style=\"font-weight: 400;\">Praticien en PNL \u00e0 l\u2019Institut Ressources (2016)<\/p>\n<p style=\"font-weight: 400;\">Praticien en Hypnose Ericksonienne \u00e0 l\u2019Ecole Belge D\u2019hypnose (E. Josse) (2016-2017)<\/p>\n<p style=\"font-weight: 400;\">Certification en Hypnose NGH \u00e0 l\u2019Institut Pure Hypnose (2019)<\/p>\n<p style=\"font-weight: 400;\">Formation au sevrage tabagique par hypnose \u00e0 Forma Th\u00e9ra (2019)<\/p>\n<p style=\"font-weight: 400;\">Sp\u00e9cialisation en gestion des traumas par l\u2019hypnose \u00e0 Forma Th\u00e9ra (2019)<\/p>\n<p style=\"font-weight: 400;\">Sp\u00e9cialisation en gestion de la douleur par l\u2019hypnose \u00e0 Forma Th\u00e9ra (2020)<\/p>\n<p style=\"font-weight: 400;\">Formation EFT \u00e0 la F\u00e9d\u00e9ration La\u00efque des Plannings Familiaux (2019)<\/p>\n<p style=\"font-weight: 400;\">Formation EVRAS \u00e0 Forma Th\u00e9ra (2020)<\/p>\n<p style=\"font-weight: 400;\">Coaching Humaniste Global \u00e0 Ressources (2020)<\/p>\n<p style=\"font-weight: 400;\">Traiter le burnout avec la PNL \u00e0 l\u2019Institut Burnout (2020)<\/p>\n<p style=\"font-weight: 400;\">Diagnostiquer et traiter le burnout parental \u00e0 l\u2019Institut Burnout (2020)<\/p>\n<p style=\"font-weight: 400;\">Hypnose pour maigrir et anneau gastrique virtuel \u00e0 Forma Th\u00e9ra (2020)<\/p>\n<p style=\"font-weight: 400;\">PDMY processus de d\u00e9sensibilisation et de reprogrammation \u00e0 Prisme (2021)<\/p>\n<p style=\"font-weight: 400;\">Accompagnement du burnout \u00ab\u00a0La bo\u00eete \u00e0 outils\u00a0\u00bb \u00e0 La Boite \u00e0 Outils Psy (2022)<\/p>\n<p style=\"font-weight: 400;\">M\u00e9diation g\u00e9n\u00e9raliste, familiale et sociale \u00e0 M\u00e9diations ASBL (2023)<\/p>\n<p style=\"font-weight: 400;\">Accompagnement professionnel du haut potentiel et de l\u2019hypersensibilit\u00e9 \u00e0 HyperAcademy avec Cathy Assenheim (2023)<\/p>\n<p style=\"font-weight: 400;\">\n<div class=\"ydp61df852fyahoo-style-wrap\" dir=\"ltr\" data-setdir=\"false\">\n<p style=\"text-align: center;\">\n<\/div>\n<p>[\/et_pb_text][\/et_pb_column][\/et_pb_row][\/et_pb_section]<\/p>\n","protected":false},"excerpt":{"rendered":"<p>Bienvenue !Je suis Marie-Eve Gremmens, Sexologue (membre de la SSUB), Hypnoth\u00e9rapeute et Coach, et aussi maman de trois merveilleux enfants qui enrichissent chaque jour ma vision de l\u2019humain. Depuis aussi loin que je me souvienne, j\u2019ai toujours ressenti un besoin profond d\u2019aider les autres, de les \u00e9couter et de les accompagner dans leurs parcours de [&hellip;]<\/p>\n","protected":false},"author":2,"featured_media":0,"parent":0,"menu_order":0,"comment_status":"closed","ping_status":"closed","template":"","meta":{"_et_pb_use_builder":"on","_et_pb_old_content":"","_et_gb_content_width":"","footnotes":""},"class_list":["post-7","page","type-page","status-publish","hentry"],"_links":{"self":[{"href":"https:\/\/marie-eve-gremmens.be\/index.php\/wp-json\/wp\/v2\/pages\/7","targetHints":{"allow":["GET"]}}],"collection":[{"href":"https:\/\/marie-eve-gremmens.be\/index.php\/wp-json\/wp\/v2\/pages"}],"about":[{"href":"https:\/\/marie-eve-gremmens.be\/index.php\/wp-json\/wp\/v2\/types\/page"}],"author":[{"embeddable":true,"href":"https:\/\/marie-eve-gremmens.be\/index.php\/wp-json\/wp\/v2\/users\/2"}],"replies":[{"embeddable":true,"href":"https:\/\/marie-eve-gremmens.be\/index.php\/wp-json\/wp\/v2\/comments?post=7"}],"version-history":[{"count":45,"href":"https:\/\/marie-eve-gremmens.be\/index.php\/wp-json\/wp\/v2\/pages\/7\/revisions"}],"predecessor-version":[{"id":782,"href":"https:\/\/marie-eve-gremmens.be\/index.php\/wp-json\/wp\/v2\/pages\/7\/revisions\/782"}],"wp:attachment":[{"href":"https:\/\/marie-eve-gremmens.be\/index.php\/wp-json\/wp\/v2\/media?parent=7"}],"curies":[{"name":"wp","href":"https:\/\/api.w.org\/{rel}","templated":true}]}}